{"id":194,"date":"2025-10-31T10:50:49","date_gmt":"2025-10-31T10:50:49","guid":{"rendered":"https:\/\/somoslajaulaestudio.es\/?page_id=194"},"modified":"2025-11-20T18:48:50","modified_gmt":"2025-11-20T18:48:50","slug":"politica-de-proteccion-de-datos","status":"publish","type":"page","link":"https:\/\/somoslajaulaestudio.es\/index.php\/politica-de-proteccion-de-datos\/","title":{"rendered":"Pol\u00edtica de Protecci\u00f3n de Datos"},"content":{"rendered":"<p>[et_pb_section fb_built=\u00bb1&#8243; _builder_version=\u00bb4.27.4&#8243; _module_preset=\u00bbdefault\u00bb background_color=\u00bb#000000&#8243; global_colors_info=\u00bb{}\u00bb][et_pb_row _builder_version=\u00bb4.27.4&#8243; _module_preset=\u00bbdefault\u00bb global_colors_info=\u00bb{}\u00bb][et_pb_column type=\u00bb4_4&#8243; _builder_version=\u00bb4.27.4&#8243; _module_preset=\u00bbdefault\u00bb global_colors_info=\u00bb{}\u00bb][et_pb_heading title=\u00bbPol\u00edtica de Protecci\u00f3n de Datos \u2013 La Jaula\u00bb _builder_version=\u00bb4.27.4&#8243; _module_preset=\u00bbdefault\u00bb global_colors_info=\u00bb{}\u00bb][\/et_pb_heading][\/et_pb_column][\/et_pb_row][et_pb_row _builder_version=\u00bb4.27.4&#8243; _module_preset=\u00bbdefault\u00bb global_colors_info=\u00bb{}\u00bb][et_pb_column type=\u00bb4_4&#8243; _builder_version=\u00bb4.27.4&#8243; _module_preset=\u00bbdefault\u00bb global_colors_info=\u00bb{}\u00bb][et_pb_text _builder_version=\u00bb4.27.4&#8243; _module_preset=\u00bbdefault\u00bb global_colors_info=\u00bb{}\u00bb]<\/p>\n<p>En <strong>La Jaula<\/strong> nos tomamos muy en serio la privacidad y la protecci\u00f3n de los datos personales de nuestros usuarios, clientes y<br \/>colaboradores.<\/p>\n<p>De acuerdo con lo establecido en el <strong>Reglamento (UE) 2016\/679 (RGPD) y la Ley Org\u00e1nica 3\/2018, de Protecci\u00f3n de Datos Personales y Garant\u00eda de los Derechos Digitales (LOPDGDD)<\/strong>, te informamos sobre el tratamiento de los datos que nos facilitas a trav\u00e9s de esta p\u00e1gina web.<\/p>\n<p>[\/et_pb_text][\/et_pb_column][\/et_pb_row][et_pb_row _builder_version=\u00bb4.27.4&#8243; _module_preset=\u00bbdefault\u00bb global_colors_info=\u00bb{}\u00bb][et_pb_column type=\u00bb4_4&#8243; _builder_version=\u00bb4.27.4&#8243; _module_preset=\u00bbdefault\u00bb global_colors_info=\u00bb{}\u00bb][et_pb_heading title=\u00bb1. Responsable del tratamiento\u00bb _builder_version=\u00bb4.27.4&#8243; _module_preset=\u00bbdefault\u00bb title_level=\u00bbh2&#8243; title_font=\u00bbPoppins|600|||||||\u00bb title_font_size=\u00bb20px\u00bb global_colors_info=\u00bb{}\u00bb][\/et_pb_heading][et_pb_text _builder_version=\u00bb4.27.4&#8243; _module_preset=\u00bbdefault\u00bb global_colors_info=\u00bb{}\u00bb]<\/p>\n<p><strong>Nombre comercial:<\/strong> La Jaula Espacio Creativo<br \/><strong>Actividad:<\/strong> Estudio de grabaci\u00f3n y espacio creativo y de producci\u00f3n audiovisual y musical<br \/><strong>Correo electr\u00f3nico de contacto:<\/strong> <a href=\"mailto:somoslajaula@gmail.com\">somoslajaula@gmail.com<\/a><br \/><strong>Direcci\u00f3n:<\/strong> C. Benizal\u00f3n 12, 04007 Almer\u00eda<\/p>\n<p>[\/et_pb_text][\/et_pb_column][\/et_pb_row][et_pb_row _builder_version=\u00bb4.27.4&#8243; _module_preset=\u00bbdefault\u00bb global_colors_info=\u00bb{}\u00bb][et_pb_column type=\u00bb4_4&#8243; _builder_version=\u00bb4.27.4&#8243; _module_preset=\u00bbdefault\u00bb global_colors_info=\u00bb{}\u00bb][et_pb_heading title=\u00bb2. Finalidad del tratamiento\u00bb _builder_version=\u00bb4.27.4&#8243; _module_preset=\u00bbdefault\u00bb title_level=\u00bbh2&#8243; title_font=\u00bbPoppins|600|||||||\u00bb title_font_size=\u00bb20px\u00bb global_colors_info=\u00bb{}\u00bb][\/et_pb_heading][et_pb_text _builder_version=\u00bb4.27.4&#8243; _module_preset=\u00bbdefault\u00bb hover_enabled=\u00bb0&#8243; global_colors_info=\u00bb{}\u00bb sticky_enabled=\u00bb0&#8243;]<\/p>\n<p>Los datos personales que recabamos a trav\u00e9s de nuestros formularios de contacto, reservas o suscripciones se utilizan con<br \/>las siguientes finalidades:<\/p>\n<ul>\n<li>Atender tus consultas o solicitudes de informaci\u00f3n.<\/li>\n<li>Gestionar reservas, presupuestos o colaboraciones.<\/li>\n<li>Mantener la relaci\u00f3n comercial y ofrecerte informaci\u00f3n sobre nuestros servicios (estudio de grabaci\u00f3n, espacios para podcast, fotograf\u00eda o video).<\/li>\n<li>Enviar comunicaciones relacionadas con nuestros servicios o actividades creativas (solo si nos das tu consentimiento).<\/li>\n<\/ul>\n<p>[\/et_pb_text][\/et_pb_column][\/et_pb_row][et_pb_row _builder_version=\u00bb4.27.4&#8243; _module_preset=\u00bbdefault\u00bb global_colors_info=\u00bb{}\u00bb][et_pb_column type=\u00bb4_4&#8243; _builder_version=\u00bb4.27.4&#8243; _module_preset=\u00bbdefault\u00bb global_colors_info=\u00bb{}\u00bb][et_pb_heading title=\u00bb3. Legitimaci\u00f3n\u00bb _builder_version=\u00bb4.27.4&#8243; _module_preset=\u00bbdefault\u00bb title_level=\u00bbh2&#8243; title_font=\u00bbPoppins|600|||||||\u00bb title_font_size=\u00bb20px\u00bb global_colors_info=\u00bb{}\u00bb][\/et_pb_heading][et_pb_text _builder_version=\u00bb4.27.4&#8243; _module_preset=\u00bbdefault\u00bb global_colors_info=\u00bb{}\u00bb]<\/p>\n<p>El tratamiento de tus datos se realiza con base en:<\/p>\n<ul>\n<li>Tu consentimiento expreso al enviar un formulario o suscribirte a nuestros contenidos.<\/li>\n<li>La ejecuci\u00f3n de un contrato o prestaci\u00f3n de servicio, cuando realices una reserva o contrataci\u00f3n.<\/li>\n<li>El inter\u00e9s leg\u00edtimo de La Jaula para mejorar sus servicios y comunicaci\u00f3n.<\/li>\n<\/ul>\n<p>[\/et_pb_text][\/et_pb_column][\/et_pb_row][et_pb_row _builder_version=\u00bb4.27.4&#8243; _module_preset=\u00bbdefault\u00bb global_colors_info=\u00bb{}\u00bb][et_pb_column type=\u00bb4_4&#8243; _builder_version=\u00bb4.27.4&#8243; _module_preset=\u00bbdefault\u00bb global_colors_info=\u00bb{}\u00bb][et_pb_heading title=\u00bb4 . Conservaci\u00f3n de los datos\u00bb _builder_version=\u00bb4.27.4&#8243; _module_preset=\u00bbdefault\u00bb title_level=\u00bbh2&#8243; title_font=\u00bbPoppins|600|||||||\u00bb title_font_size=\u00bb20px\u00bb global_colors_info=\u00bb{}\u00bb][\/et_pb_heading][et_pb_text _builder_version=\u00bb4.27.4&#8243; _module_preset=\u00bbdefault\u00bb global_colors_info=\u00bb{}\u00bb]<\/p>\n<p>Tus datos se conser var\u00e1n \u00fanicamente durante el tiempo necesario para cumplir con la finalidad con la que fueron recabados o mientras exista una relaci\u00f3n contractual o comercial contigo.<\/p>\n<p>Posteriormente, ser\u00e1n bloqueados y eliminados conforme a la normativa vigente.<\/p>\n<p>[\/et_pb_text][\/et_pb_column][\/et_pb_row][et_pb_row _builder_version=\u00bb4.27.4&#8243; _module_preset=\u00bbdefault\u00bb global_colors_info=\u00bb{}\u00bb][et_pb_column type=\u00bb4_4&#8243; _builder_version=\u00bb4.27.4&#8243; _module_preset=\u00bbdefault\u00bb global_colors_info=\u00bb{}\u00bb][et_pb_heading title=\u00bb5. Comunicaci\u00f3n de datos a terceros\u00bb _builder_version=\u00bb4.27.4&#8243; _module_preset=\u00bbdefault\u00bb title_level=\u00bbh2&#8243; title_font=\u00bbPoppins|600|||||||\u00bb title_font_size=\u00bb20px\u00bb global_colors_info=\u00bb{}\u00bb][\/et_pb_heading][et_pb_text _builder_version=\u00bb4.27.4&#8243; _module_preset=\u00bbdefault\u00bb global_colors_info=\u00bb{}\u00bb]<\/p>\n<p>No cederemos tus datos personales a terceros, salvo obligaci\u00f3n legal o en caso de ser necesario para la prestaci\u00f3n del servicio (por ejemplo, servicios de hosting o gesti\u00f3n administrativa, con los que contamos con contratos de confidencialidad y cumplimiento<br \/>del RGPD).<\/p>\n<p>[\/et_pb_text][\/et_pb_column][\/et_pb_row][et_pb_row _builder_version=\u00bb4.27.4&#8243; _module_preset=\u00bbdefault\u00bb global_colors_info=\u00bb{}\u00bb][et_pb_column type=\u00bb4_4&#8243; _builder_version=\u00bb4.27.4&#8243; _module_preset=\u00bbdefault\u00bb global_colors_info=\u00bb{}\u00bb][et_pb_heading title=\u00bb6. Derechos del usuario\u00bb _builder_version=\u00bb4.27.4&#8243; _module_preset=\u00bbdefault\u00bb title_level=\u00bbh2&#8243; title_font=\u00bbPoppins|600|||||||\u00bb title_font_size=\u00bb20px\u00bb global_colors_info=\u00bb{}\u00bb][\/et_pb_heading][et_pb_text _builder_version=\u00bb4.27.4&#8243; _module_preset=\u00bbdefault\u00bb global_colors_info=\u00bb{}\u00bb]<\/p>\n<p>Puedes ejercer tus derechos de:<\/p>\n<ul>\n<li>Acceso<\/li>\n<li>Rectificaci\u00f3n<\/li>\n<li>Supresi\u00f3n<\/li>\n<li>Limitaci\u00f3n del tratamiento<\/li>\n<li>Oposici\u00f3n<\/li>\n<li>Portabilidad<\/li>\n<\/ul>\n<p>enviando una solicitud por correo electr\u00f3nico a <a href=\"mailto:somoslajaula@gmail.com\">somoslajaula@gmail.com<\/a>, indicando el derecho que deseas ejercer y adjuntando una copia de tu documento de identidad.<\/p>\n<p>Tambi\u00e9n tienes derecho a presentar una reclamaci\u00f3n ante la <strong>Agencia Espa\u00f1ola de Protecci\u00f3n de Datos (AEPD)<\/strong> si consideras<br \/>que el tratamiento de tus datos no se ajusta a la normativa vigente.<\/p>\n<p>[\/et_pb_text][\/et_pb_column][\/et_pb_row][et_pb_row _builder_version=\u00bb4.27.4&#8243; _module_preset=\u00bbdefault\u00bb global_colors_info=\u00bb{}\u00bb][et_pb_column type=\u00bb4_4&#8243; _builder_version=\u00bb4.27.4&#8243; _module_preset=\u00bbdefault\u00bb global_colors_info=\u00bb{}\u00bb][et_pb_heading title=\u00bb7. Seguridad de los datos\u00bb _builder_version=\u00bb4.27.4&#8243; _module_preset=\u00bbdefault\u00bb title_level=\u00bbh2&#8243; title_font=\u00bbPoppins|600|||||||\u00bb title_font_size=\u00bb20px\u00bb global_colors_info=\u00bb{}\u00bb][\/et_pb_heading][et_pb_text _builder_version=\u00bb4.27.4&#8243; _module_preset=\u00bbdefault\u00bb global_colors_info=\u00bb{}\u00bb]<\/p>\n<p>En <strong>La Jaula<\/strong> aplicamos las medidas t\u00e9cnicas y organizativas necesarias para garantizar la confidencialidad, integridad y disponibilidad de la informaci\u00f3n, evitando el acceso no autorizado o el uso indebido de tus datos personales.<\/p>\n<p>[\/et_pb_text][\/et_pb_column][\/et_pb_row][et_pb_row _builder_version=\u00bb4.27.4&#8243; _module_preset=\u00bbdefault\u00bb global_colors_info=\u00bb{}\u00bb][et_pb_column type=\u00bb4_4&#8243; _builder_version=\u00bb4.27.4&#8243; _module_preset=\u00bbdefault\u00bb global_colors_info=\u00bb{}\u00bb][et_pb_heading title=\u00bb8. Cambios en esta pol\u00edtica\u00bb _builder_version=\u00bb4.27.4&#8243; _module_preset=\u00bbdefault\u00bb title_level=\u00bbh2&#8243; title_font=\u00bbPoppins|600|||||||\u00bb title_font_size=\u00bb20px\u00bb global_colors_info=\u00bb{}\u00bb][\/et_pb_heading][et_pb_text _builder_version=\u00bb4.27.4&#8243; _module_preset=\u00bbdefault\u00bb global_colors_info=\u00bb{}\u00bb]<\/p>\n<p><strong>La Jaula<\/strong> podr\u00e1 modificar esta pol\u00edtica para adaptarla a cambios legislativos o a nuevas pr\u00e1cticas internas. La versi\u00f3n actualizada estar\u00e1 siempre disponible <strong>en esta p\u00e1gina web<\/strong>.<\/p>\n<p>[\/et_pb_text][\/et_pb_column][\/et_pb_row][\/et_pb_section]<\/p>\n","protected":false},"excerpt":{"rendered":"<p>En La Jaula nos tomamos muy en serio la privacidad y la protecci\u00f3n de los datos personales de nuestros usuarios, clientes ycolaboradores. De acuerdo con lo establecido en el Reglamento (UE) 2016\/679 (RGPD) y la Ley Org\u00e1nica 3\/2018, de Protecci\u00f3n de Datos Personales y Garant\u00eda de los Derechos Digitales (LOPDGDD), te informamos sobre el tratamiento [&hellip;]<\/p>\n","protected":false},"author":1,"featured_media":0,"parent":0,"menu_order":0,"comment_status":"closed","ping_status":"closed","template":"","meta":{"_et_pb_use_builder":"on","_et_pb_old_content":"","_et_gb_content_width":"","footnotes":""},"class_list":["post-194","page","type-page","status-publish","hentry"],"yoast_head":"<!-- This site is optimized with the Yoast SEO plugin v26.4 - https:\/\/yoast.com\/wordpress\/plugins\/seo\/ -->\n<title>Pol\u00edtica de Protecci\u00f3n de Datos - Somos la Jaula<\/title>\n<meta name=\"description\" content=\"Pol\u00edtica de Protecci\u00f3n de Datos - Somos la Jaula\" \/>\n<meta name=\"robots\" content=\"index, follow, max-snippet:-1, max-image-preview:large, max-video-preview:-1\" \/>\n<link rel=\"canonical\" href=\"https:\/\/somoslajaulaestudio.es\/index.php\/politica-de-proteccion-de-datos\/\" \/>\n<meta property=\"og:locale\" content=\"es_ES\" \/>\n<meta property=\"og:type\" content=\"article\" \/>\n<meta property=\"og:title\" content=\"Pol\u00edtica de Protecci\u00f3n de Datos - Somos la Jaula\" \/>\n<meta property=\"og:description\" content=\"Pol\u00edtica de Protecci\u00f3n de Datos - Somos la Jaula\" \/>\n<meta property=\"og:url\" content=\"https:\/\/somoslajaulaestudio.es\/index.php\/politica-de-proteccion-de-datos\/\" \/>\n<meta property=\"og:site_name\" content=\"Somos la Jaula\" \/>\n<meta property=\"article:modified_time\" content=\"2025-11-20T18:48:50+00:00\" \/>\n<script type=\"application\/ld+json\" class=\"yoast-schema-graph\">{\"@context\":\"https:\/\/schema.org\",\"@graph\":[{\"@type\":\"WebPage\",\"@id\":\"https:\/\/somoslajaulaestudio.es\/index.php\/politica-de-proteccion-de-datos\/\",\"url\":\"https:\/\/somoslajaulaestudio.es\/index.php\/politica-de-proteccion-de-datos\/\",\"name\":\"Pol\u00edtica de Protecci\u00f3n de Datos - Somos la Jaula\",\"isPartOf\":{\"@id\":\"https:\/\/somoslajaulaestudio.es\/#website\"},\"datePublished\":\"2025-10-31T10:50:49+00:00\",\"dateModified\":\"2025-11-20T18:48:50+00:00\",\"description\":\"Pol\u00edtica de Protecci\u00f3n de Datos - Somos la Jaula\",\"breadcrumb\":{\"@id\":\"https:\/\/somoslajaulaestudio.es\/index.php\/politica-de-proteccion-de-datos\/#breadcrumb\"},\"inLanguage\":\"es\",\"potentialAction\":[{\"@type\":\"ReadAction\",\"target\":[\"https:\/\/somoslajaulaestudio.es\/index.php\/politica-de-proteccion-de-datos\/\"]}]},{\"@type\":\"BreadcrumbList\",\"@id\":\"https:\/\/somoslajaulaestudio.es\/index.php\/politica-de-proteccion-de-datos\/#breadcrumb\",\"itemListElement\":[{\"@type\":\"ListItem\",\"position\":1,\"name\":\"Portada\",\"item\":\"https:\/\/somoslajaulaestudio.es\/\"},{\"@type\":\"ListItem\",\"position\":2,\"name\":\"Pol\u00edtica de Protecci\u00f3n de Datos\"}]},{\"@type\":\"WebSite\",\"@id\":\"https:\/\/somoslajaulaestudio.es\/#website\",\"url\":\"https:\/\/somoslajaulaestudio.es\/\",\"name\":\"Somos la Jaula\",\"description\":\"Somos La Jaula: espacio creativo en Almer\u00eda para grabaciones de podcast, videoclips, m\u00fasica y fotograf\u00eda. Alquila estudios profesionales con equipo t\u00e9cnico incluido.\",\"publisher\":{\"@id\":\"https:\/\/somoslajaulaestudio.es\/#organization\"},\"potentialAction\":[{\"@type\":\"SearchAction\",\"target\":{\"@type\":\"EntryPoint\",\"urlTemplate\":\"https:\/\/somoslajaulaestudio.es\/?s={search_term_string}\"},\"query-input\":{\"@type\":\"PropertyValueSpecification\",\"valueRequired\":true,\"valueName\":\"search_term_string\"}}],\"inLanguage\":\"es\"},{\"@type\":\"Organization\",\"@id\":\"https:\/\/somoslajaulaestudio.es\/#organization\",\"name\":\"Somos la Jaula\",\"url\":\"https:\/\/somoslajaulaestudio.es\/\",\"logo\":{\"@type\":\"ImageObject\",\"inLanguage\":\"es\",\"@id\":\"https:\/\/somoslajaulaestudio.es\/#\/schema\/logo\/image\/\",\"url\":\"https:\/\/somoslajaulaestudio.es\/wp-content\/uploads\/2025\/10\/cropped-FAVICON-LA-JAULA.png\",\"contentUrl\":\"https:\/\/somoslajaulaestudio.es\/wp-content\/uploads\/2025\/10\/cropped-FAVICON-LA-JAULA.png\",\"width\":512,\"height\":512,\"caption\":\"Somos la Jaula\"},\"image\":{\"@id\":\"https:\/\/somoslajaulaestudio.es\/#\/schema\/logo\/image\/\"},\"sameAs\":[\"https:\/\/www.instagram.com\/somoslajaula\/\",\"https:\/\/www.youtube.com\/@somoslajaula\"]}]}<\/script>\n<!-- \/ Yoast SEO plugin. -->","yoast_head_json":{"title":"Pol\u00edtica de Protecci\u00f3n de Datos - Somos la Jaula","description":"Pol\u00edtica de Protecci\u00f3n de Datos - Somos la Jaula","robots":{"index":"index","follow":"follow","max-snippet":"max-snippet:-1","max-image-preview":"max-image-preview:large","max-video-preview":"max-video-preview:-1"},"canonical":"https:\/\/somoslajaulaestudio.es\/index.php\/politica-de-proteccion-de-datos\/","og_locale":"es_ES","og_type":"article","og_title":"Pol\u00edtica de Protecci\u00f3n de Datos - Somos la Jaula","og_description":"Pol\u00edtica de Protecci\u00f3n de Datos - Somos la Jaula","og_url":"https:\/\/somoslajaulaestudio.es\/index.php\/politica-de-proteccion-de-datos\/","og_site_name":"Somos la Jaula","article_modified_time":"2025-11-20T18:48:50+00:00","schema":{"@context":"https:\/\/schema.org","@graph":[{"@type":"WebPage","@id":"https:\/\/somoslajaulaestudio.es\/index.php\/politica-de-proteccion-de-datos\/","url":"https:\/\/somoslajaulaestudio.es\/index.php\/politica-de-proteccion-de-datos\/","name":"Pol\u00edtica de Protecci\u00f3n de Datos - Somos la Jaula","isPartOf":{"@id":"https:\/\/somoslajaulaestudio.es\/#website"},"datePublished":"2025-10-31T10:50:49+00:00","dateModified":"2025-11-20T18:48:50+00:00","description":"Pol\u00edtica de Protecci\u00f3n de Datos - Somos la Jaula","breadcrumb":{"@id":"https:\/\/somoslajaulaestudio.es\/index.php\/politica-de-proteccion-de-datos\/#breadcrumb"},"inLanguage":"es","potentialAction":[{"@type":"ReadAction","target":["https:\/\/somoslajaulaestudio.es\/index.php\/politica-de-proteccion-de-datos\/"]}]},{"@type":"BreadcrumbList","@id":"https:\/\/somoslajaulaestudio.es\/index.php\/politica-de-proteccion-de-datos\/#breadcrumb","itemListElement":[{"@type":"ListItem","position":1,"name":"Portada","item":"https:\/\/somoslajaulaestudio.es\/"},{"@type":"ListItem","position":2,"name":"Pol\u00edtica de Protecci\u00f3n de Datos"}]},{"@type":"WebSite","@id":"https:\/\/somoslajaulaestudio.es\/#website","url":"https:\/\/somoslajaulaestudio.es\/","name":"Somos la Jaula","description":"Somos La Jaula: espacio creativo en Almer\u00eda para grabaciones de podcast, videoclips, m\u00fasica y fotograf\u00eda. Alquila estudios profesionales con equipo t\u00e9cnico incluido.","publisher":{"@id":"https:\/\/somoslajaulaestudio.es\/#organization"},"potentialAction":[{"@type":"SearchAction","target":{"@type":"EntryPoint","urlTemplate":"https:\/\/somoslajaulaestudio.es\/?s={search_term_string}"},"query-input":{"@type":"PropertyValueSpecification","valueRequired":true,"valueName":"search_term_string"}}],"inLanguage":"es"},{"@type":"Organization","@id":"https:\/\/somoslajaulaestudio.es\/#organization","name":"Somos la Jaula","url":"https:\/\/somoslajaulaestudio.es\/","logo":{"@type":"ImageObject","inLanguage":"es","@id":"https:\/\/somoslajaulaestudio.es\/#\/schema\/logo\/image\/","url":"https:\/\/somoslajaulaestudio.es\/wp-content\/uploads\/2025\/10\/cropped-FAVICON-LA-JAULA.png","contentUrl":"https:\/\/somoslajaulaestudio.es\/wp-content\/uploads\/2025\/10\/cropped-FAVICON-LA-JAULA.png","width":512,"height":512,"caption":"Somos la Jaula"},"image":{"@id":"https:\/\/somoslajaulaestudio.es\/#\/schema\/logo\/image\/"},"sameAs":["https:\/\/www.instagram.com\/somoslajaula\/","https:\/\/www.youtube.com\/@somoslajaula"]}]}},"jetpack_sharing_enabled":true,"_links":{"self":[{"href":"https:\/\/somoslajaulaestudio.es\/index.php\/wp-json\/wp\/v2\/pages\/194","targetHints":{"allow":["GET"]}}],"collection":[{"href":"https:\/\/somoslajaulaestudio.es\/index.php\/wp-json\/wp\/v2\/pages"}],"about":[{"href":"https:\/\/somoslajaulaestudio.es\/index.php\/wp-json\/wp\/v2\/types\/page"}],"author":[{"embeddable":true,"href":"https:\/\/somoslajaulaestudio.es\/index.php\/wp-json\/wp\/v2\/users\/1"}],"replies":[{"embeddable":true,"href":"https:\/\/somoslajaulaestudio.es\/index.php\/wp-json\/wp\/v2\/comments?post=194"}],"version-history":[{"count":5,"href":"https:\/\/somoslajaulaestudio.es\/index.php\/wp-json\/wp\/v2\/pages\/194\/revisions"}],"predecessor-version":[{"id":241,"href":"https:\/\/somoslajaulaestudio.es\/index.php\/wp-json\/wp\/v2\/pages\/194\/revisions\/241"}],"wp:attachment":[{"href":"https:\/\/somoslajaulaestudio.es\/index.php\/wp-json\/wp\/v2\/media?parent=194"}],"curies":[{"name":"wp","href":"https:\/\/api.w.org\/{rel}","templated":true}]}}