{"id":209,"date":"2025-10-31T11:57:02","date_gmt":"2025-10-31T11:57:02","guid":{"rendered":"https:\/\/somoslajaulaestudio.es\/?page_id=209"},"modified":"2025-11-20T18:46:31","modified_gmt":"2025-11-20T18:46:31","slug":"terminos-y-condiciones-de-uso","status":"publish","type":"page","link":"https:\/\/somoslajaulaestudio.es\/index.php\/terminos-y-condiciones-de-uso\/","title":{"rendered":"T\u00e9rminos y Condiciones de Uso"},"content":{"rendered":"<p>[et_pb_section fb_built=\u00bb1&#8243; _builder_version=\u00bb4.27.4&#8243; _module_preset=\u00bbdefault\u00bb background_color=\u00bb#000000&#8243; global_colors_info=\u00bb{}\u00bb][et_pb_row _builder_version=\u00bb4.27.4&#8243; _module_preset=\u00bbdefault\u00bb global_colors_info=\u00bb{}\u00bb][et_pb_column type=\u00bb4_4&#8243; _builder_version=\u00bb4.27.4&#8243; _module_preset=\u00bbdefault\u00bb global_colors_info=\u00bb{}\u00bb][et_pb_heading title=\u00bbT\u00e9rminos y Condiciones de Uso\u00bb _builder_version=\u00bb4.27.4&#8243; _module_preset=\u00bbdefault\u00bb global_colors_info=\u00bb{}\u00bb][\/et_pb_heading][\/et_pb_column][\/et_pb_row][et_pb_row _builder_version=\u00bb4.27.4&#8243; _module_preset=\u00bbdefault\u00bb global_colors_info=\u00bb{}\u00bb][et_pb_column type=\u00bb4_4&#8243; _builder_version=\u00bb4.27.4&#8243; _module_preset=\u00bbdefault\u00bb global_colors_info=\u00bb{}\u00bb][et_pb_heading title=\u00bb1. Informaci\u00f3n general\u00bb _builder_version=\u00bb4.27.4&#8243; _module_preset=\u00bbdefault\u00bb title_level=\u00bbh2&#8243; title_font=\u00bbPoppins|600|||||||\u00bb title_font_size=\u00bb20px\u00bb global_colors_info=\u00bb{}\u00bb][\/et_pb_heading][et_pb_text _builder_version=\u00bb4.27.4&#8243; _module_preset=\u00bbdefault\u00bb global_colors_info=\u00bb{}\u00bb]<\/p>\n<p>El presente documento regula las condiciones de uso y contrataci\u00f3n de los ser vicios ofrecidos por <strong>La Jaula Espacio Creativo<\/strong> (en adelante, \u201c<strong>La Jaula<\/strong>\u201d), estudio de grabaci\u00f3n y espacio creativo y de producci\u00f3n audiovisual destinado a la grabaci\u00f3n de m\u00fasica, podcasts, fotograf\u00eda, video y otros proyectos art\u00edsticos.<\/p>\n<ul>\n<li><strong>Titular:<\/strong> La Jaula Espacio Creativo<br \/><strong><\/strong><\/li>\n<li><strong>Correo de contacto:<\/strong> <a href=\"mailto:somoslajaula@gmail.com\">somoslajaula@gmail.com<\/a><br \/><strong><\/strong><\/li>\n<li><strong>Direcci\u00f3n:<\/strong> C. Benizal\u00f3n 12, 04007 Almer\u00eda<\/li>\n<\/ul>\n<p>El acceso y uso de este sitio web o de las instalaciones de <strong>La Jaula<\/strong> implica la aceptaci\u00f3n plena de estos <strong>T\u00e9rminos y Condiciones de Uso<\/strong>. Te recomendamos leerlos atentamente antes de realizar cualquier reserva o contrataci\u00f3n.<\/p>\n<p>[\/et_pb_text][\/et_pb_column][\/et_pb_row][et_pb_row _builder_version=\u00bb4.27.4&#8243; _module_preset=\u00bbdefault\u00bb global_colors_info=\u00bb{}\u00bb][et_pb_column type=\u00bb4_4&#8243; _builder_version=\u00bb4.27.4&#8243; _module_preset=\u00bbdefault\u00bb global_colors_info=\u00bb{}\u00bb][et_pb_heading title=\u00bb2. Servicios ofrecidos\u00bb _builder_version=\u00bb4.27.4&#8243; _module_preset=\u00bbdefault\u00bb title_level=\u00bbh2&#8243; title_font=\u00bbPoppins|600|||||||\u00bb title_font_size=\u00bb20px\u00bb global_colors_info=\u00bb{}\u00bb][\/et_pb_heading][et_pb_text _builder_version=\u00bb4.27.4&#8243; _module_preset=\u00bbdefault\u00bb global_colors_info=\u00bb{}\u00bb]<\/p>\n<p><strong>La Jaula<\/strong> ofrece, entre otros:<\/p>\n<ul>\n<li>Alquiler de espacios creativos (espacio de grabaci\u00f3n, sets para creaci\u00f3n de contenido, salas de ensayo, etc.).<\/li>\n<li>Servicios de producci\u00f3n y grabaci\u00f3n de audio y video.<\/li>\n<li>Apoyo t\u00e9cnico y creativo para proyectos audiovisuales.<\/li>\n<\/ul>\n<p>Cada servicio podr\u00e1 contar con condiciones espec\u00edficas adicionales que se comunicar\u00e1n en el momento de la reserva o contrataci\u00f3n.<\/p>\n<p>[\/et_pb_text][\/et_pb_column][\/et_pb_row][et_pb_row _builder_version=\u00bb4.27.4&#8243; _module_preset=\u00bbdefault\u00bb global_colors_info=\u00bb{}\u00bb][et_pb_column type=\u00bb4_4&#8243; _builder_version=\u00bb4.27.4&#8243; _module_preset=\u00bbdefault\u00bb global_colors_info=\u00bb{}\u00bb][et_pb_heading title=\u00bb3. Reservas y pagos\u00bb _builder_version=\u00bb4.27.4&#8243; _module_preset=\u00bbdefault\u00bb title_level=\u00bbh2&#8243; title_font=\u00bbPoppins|600|||||||\u00bb title_font_size=\u00bb20px\u00bb global_colors_info=\u00bb{}\u00bb][\/et_pb_heading][et_pb_text _builder_version=\u00bb4.27.4&#8243; _module_preset=\u00bbdefault\u00bb hover_enabled=\u00bb0&#8243; global_colors_info=\u00bb{}\u00bb sticky_enabled=\u00bb0&#8243;]<\/p>\n<ul>\n<li>Las reservas se gestionan a trav\u00e9s de redes sociales o directamente por correo electr\u00f3nico o whatsapp.<\/li>\n<li>La reserva se considerar\u00e1 confirmada una vez recibido el pago correspondiente (total o parcial, seg\u00fan el tipo de servicio).<\/li>\n<li>Las tarifas vigentes se indicar\u00e1n previamente al cliente y podr\u00e1n modificarse sin previo aviso, respetando los precios acordados en reservas confirmadas.<\/li>\n<li>Las cancelaciones deber\u00e1n notificarse con al menos 48 horas de antelaci\u00f3n. En caso contrario, <strong>La Jaula<\/strong> se reserva el derecho de retener el importe abonado.<\/li>\n<\/ul>\n<p>[\/et_pb_text][\/et_pb_column][\/et_pb_row][et_pb_row _builder_version=\u00bb4.27.4&#8243; _module_preset=\u00bbdefault\u00bb global_colors_info=\u00bb{}\u00bb][et_pb_column type=\u00bb4_4&#8243; _builder_version=\u00bb4.27.4&#8243; _module_preset=\u00bbdefault\u00bb global_colors_info=\u00bb{}\u00bb][et_pb_heading title=\u00bb4 . Uso del espacio\u00bb _builder_version=\u00bb4.27.4&#8243; _module_preset=\u00bbdefault\u00bb title_level=\u00bbh2&#8243; title_font=\u00bbPoppins|600|||||||\u00bb title_font_size=\u00bb20px\u00bb global_colors_info=\u00bb{}\u00bb][\/et_pb_heading][et_pb_text _builder_version=\u00bb4.27.4&#8243; _module_preset=\u00bbdefault\u00bb hover_enabled=\u00bb0&#8243; global_colors_info=\u00bb{}\u00bb sticky_enabled=\u00bb0&#8243;]<\/p>\n<p>Para garantizar una buena experiencia a todos los usuarios, se establecen las siguientes normas:<\/p>\n<p>&nbsp;<\/p>\n<ul>\n<li>Los usuarios deber\u00e1n respetar el horario de uso acordado.<\/li>\n<li>Est\u00e1 prohibido fumar dentro de las instalaciones.<\/li>\n<li>No se permite la introducci\u00f3n o consumo de bebidas alcoh\u00f3licas en el estudio.<\/li>\n<li>No se permite introducir alimentos o bebidas (alcoh\u00f3licas o no) en zonas t\u00e9cnicas (salas de grabaci\u00f3n, control, equipos).<\/li>\n<li>El usuario ser\u00e1 responsable del buen uso del mobiliario, equipos e instalaciones, asumiendo el coste de cualquier da\u00f1o ocasionado por mal uso o negligencia.<\/li>\n<li>No se permitir\u00e1 el acceso a personas no autorizadas sin previo aviso.<\/li>\n<li>La Jaula se reserva el derecho de admisi\u00f3n ante comportamientos inadecuados o contrarios a la convivencia.<\/li>\n<\/ul>\n<p>[\/et_pb_text][\/et_pb_column][\/et_pb_row][et_pb_row _builder_version=\u00bb4.27.4&#8243; _module_preset=\u00bbdefault\u00bb global_colors_info=\u00bb{}\u00bb][et_pb_column type=\u00bb4_4&#8243; _builder_version=\u00bb4.27.4&#8243; _module_preset=\u00bbdefault\u00bb global_colors_info=\u00bb{}\u00bb][et_pb_heading title=\u00bb5. Propiedad intelectual y derechos de uso\u00bb _builder_version=\u00bb4.27.4&#8243; _module_preset=\u00bbdefault\u00bb title_level=\u00bbh2&#8243; title_font=\u00bbPoppins|600|||||||\u00bb title_font_size=\u00bb20px\u00bb global_colors_info=\u00bb{}\u00bb][\/et_pb_heading][et_pb_text _builder_version=\u00bb4.27.4&#8243; _module_preset=\u00bbdefault\u00bb global_colors_info=\u00bb{}\u00bb]<\/p>\n<p>Los contenidos creados por el usuario dentro de <strong>La Jaula<\/strong> (grabaciones, fotograf\u00edas, videos, podcasts, etc.) ser\u00e1n de su propiedad, salvo pacto o cesi\u00f3n expresa.<br \/>No obstante, <strong>La Jaula<\/strong> podr\u00e1 utilizar fragmentos o im\u00e1genes del proceso creativo con fines promocionales. El dise\u00f1o, textos, logotipos y materiales de la web de La Jaula son propiedad de la empresa y est\u00e1n protegidos por la legislaci\u00f3n de propiedad intelectual.<\/p>\n<p>[\/et_pb_text][\/et_pb_column][\/et_pb_row][et_pb_row _builder_version=\u00bb4.27.4&#8243; _module_preset=\u00bbdefault\u00bb global_colors_info=\u00bb{}\u00bb][et_pb_column type=\u00bb4_4&#8243; _builder_version=\u00bb4.27.4&#8243; _module_preset=\u00bbdefault\u00bb global_colors_info=\u00bb{}\u00bb][et_pb_heading title=\u00bb6. Responsabilidad\u00bb _builder_version=\u00bb4.27.4&#8243; _module_preset=\u00bbdefault\u00bb title_level=\u00bbh2&#8243; title_font=\u00bbPoppins|600|||||||\u00bb title_font_size=\u00bb20px\u00bb global_colors_info=\u00bb{}\u00bb][\/et_pb_heading][et_pb_text _builder_version=\u00bb4.27.4&#8243; _module_preset=\u00bbdefault\u00bb global_colors_info=\u00bb{}\u00bb]<\/p>\n<p><strong>La Jaula<\/strong> no se hace responsable de la p\u00e9rdida o da\u00f1o de objetos personales dentro de sus instalaciones. El usuario es responsable de su equipo, instrumentos o material durante el uso del espacio. Asimismo, <strong>La Jaula<\/strong> no se responsabiliza del uso que los clientes hagan de los contenidos producidos dentro de sus instalaciones.<\/p>\n<p>[\/et_pb_text][\/et_pb_column][\/et_pb_row][et_pb_row _builder_version=\u00bb4.27.4&#8243; _module_preset=\u00bbdefault\u00bb global_colors_info=\u00bb{}\u00bb][et_pb_column type=\u00bb4_4&#8243; _builder_version=\u00bb4.27.4&#8243; _module_preset=\u00bbdefault\u00bb global_colors_info=\u00bb{}\u00bb][et_pb_heading title=\u00bb7. Pol\u00edtica de cancelaci\u00f3n y reembolsos\u00bb _builder_version=\u00bb4.27.4&#8243; _module_preset=\u00bbdefault\u00bb title_level=\u00bbh2&#8243; title_font=\u00bbPoppins|600|||||||\u00bb title_font_size=\u00bb20px\u00bb global_colors_info=\u00bb{}\u00bb][\/et_pb_heading][et_pb_text _builder_version=\u00bb4.27.4&#8243; _module_preset=\u00bbdefault\u00bb global_colors_info=\u00bb{}\u00bb]<\/p>\n<ul>\n<li><strong>Cancelaciones con m\u00e1s de 48 horas de antelaci\u00f3n:<\/strong> reembolso completo o cambio de fecha sin coste.<\/li>\n<li><strong>Cancelaciones entre 48 y 24 horas:<\/strong> devoluci\u00f3n del 50%.<\/li>\n<li><strong>Cancelaciones con menos de 24 horas o ausencia sin aviso:<\/strong> no se realizan devoluciones.<\/li>\n<\/ul>\n<p>En caso de causas de fuerza mayor (aver\u00edas t\u00e9cnicas, emergencias o imprevistos por parte del estudio), <strong>La Jaula<\/strong> ofrecer\u00e1 una<br \/>reprogramaci\u00f3n sin coste adicional o el reembolso total.<\/p>\n<p>[\/et_pb_text][\/et_pb_column][\/et_pb_row][et_pb_row _builder_version=\u00bb4.27.4&#8243; _module_preset=\u00bbdefault\u00bb global_colors_info=\u00bb{}\u00bb][et_pb_column type=\u00bb4_4&#8243; _builder_version=\u00bb4.27.4&#8243; _module_preset=\u00bbdefault\u00bb global_colors_info=\u00bb{}\u00bb][et_pb_heading title=\u00bb8. Seguridad y confidencialidad\u00bb _builder_version=\u00bb4.27.4&#8243; _module_preset=\u00bbdefault\u00bb title_level=\u00bbh2&#8243; title_font=\u00bbPoppins|600|||||||\u00bb title_font_size=\u00bb20px\u00bb global_colors_info=\u00bb{}\u00bb][\/et_pb_heading][et_pb_text _builder_version=\u00bb4.27.4&#8243; _module_preset=\u00bbdefault\u00bb global_colors_info=\u00bb{}\u00bb]<\/p>\n<p><strong>La Jaula<\/strong> cumple con la <a href=\"https:\/\/somoslajaulaestudio.es\/index.php\/politica-de-proteccion-de-datos\/\">Ley de Protecci\u00f3n de Datos<\/a> y garantiza la confidencialidad de los proyectos desarrollados en sus instalaciones.<br \/>El acceso a grabaciones o material del cliente est\u00e1 restringido \u00fanicamente al personal autorizado.<\/p>\n<p>[\/et_pb_text][\/et_pb_column][\/et_pb_row][et_pb_row _builder_version=\u00bb4.27.4&#8243; _module_preset=\u00bbdefault\u00bb global_colors_info=\u00bb{}\u00bb][et_pb_column type=\u00bb4_4&#8243; _builder_version=\u00bb4.27.4&#8243; _module_preset=\u00bbdefault\u00bb global_colors_info=\u00bb{}\u00bb][et_pb_heading title=\u00bb9. Modificaciones\u00bb _builder_version=\u00bb4.27.4&#8243; _module_preset=\u00bbdefault\u00bb title_level=\u00bbh2&#8243; title_font=\u00bbPoppins|600|||||||\u00bb title_font_size=\u00bb20px\u00bb global_colors_info=\u00bb{}\u00bb][\/et_pb_heading][et_pb_text _builder_version=\u00bb4.27.4&#8243; _module_preset=\u00bbdefault\u00bb global_colors_info=\u00bb{}\u00bb]<\/p>\n<p><strong>La Jaula<\/strong> se reserva el derecho de modificar estos <strong>T\u00e9rminos y Condiciones de Uso<\/strong> sin previo aviso, con el fin de mejorar la prestaci\u00f3n de sus servicios.<br \/>La versi\u00f3n vigente estar\u00e1 siempre disponible en <strong>nuestra p\u00e1gina web<\/strong>.<\/p>\n<p>[\/et_pb_text][\/et_pb_column][\/et_pb_row][et_pb_row _builder_version=\u00bb4.27.4&#8243; _module_preset=\u00bbdefault\u00bb global_colors_info=\u00bb{}\u00bb][et_pb_column type=\u00bb4_4&#8243; _builder_version=\u00bb4.27.4&#8243; _module_preset=\u00bbdefault\u00bb global_colors_info=\u00bb{}\u00bb][et_pb_heading title=\u00bb10. Legislaci\u00f3n aplicable y jurisdicci\u00f3n\u00bb _builder_version=\u00bb4.27.4&#8243; _module_preset=\u00bbdefault\u00bb title_level=\u00bbh2&#8243; title_font=\u00bbPoppins|600|||||||\u00bb title_font_size=\u00bb20px\u00bb global_colors_info=\u00bb{}\u00bb][\/et_pb_heading][et_pb_text _builder_version=\u00bb4.27.4&#8243; _module_preset=\u00bbdefault\u00bb global_colors_info=\u00bb{}\u00bb]<\/p>\n<p>Estas condiciones se rigen por la legislaci\u00f3n espa\u00f1ola.<\/p>\n<p>Para cualquier controversia que pueda surgir en relaci\u00f3n con los servicios de <strong>La Jaula<\/strong>, las partes se someter\u00e1n a los <strong>Juzgados y Tribunales de Almer\u00eda<\/strong>, salvo disposici\u00f3n legal imperativa.<\/p>\n<p>[\/et_pb_text][\/et_pb_column][\/et_pb_row][\/et_pb_section]<\/p>\n","protected":false},"excerpt":{"rendered":"<p>El presente documento regula las condiciones de uso y contrataci\u00f3n de los ser vicios ofrecidos por La Jaula Espacio Creativo (en adelante, \u201cLa Jaula\u201d), estudio de grabaci\u00f3n y espacio creativo y de producci\u00f3n audiovisual destinado a la grabaci\u00f3n de m\u00fasica, podcasts, fotograf\u00eda, video y otros proyectos art\u00edsticos. Titular: La Jaula Espacio Creativo Correo de contacto: [&hellip;]<\/p>\n","protected":false},"author":1,"featured_media":0,"parent":0,"menu_order":0,"comment_status":"closed","ping_status":"closed","template":"","meta":{"_et_pb_use_builder":"on","_et_pb_old_content":"","_et_gb_content_width":"","footnotes":""},"class_list":["post-209","page","type-page","status-publish","hentry"],"yoast_head":"<!-- This site is optimized with the Yoast SEO plugin v26.4 - https:\/\/yoast.com\/wordpress\/plugins\/seo\/ -->\n<title>T\u00e9rminos y Condiciones de Uso - Somos la Jaula<\/title>\n<meta name=\"description\" content=\"T\u00e9rminos y Condiciones de Uso - Somos la Jaula\" \/>\n<meta name=\"robots\" content=\"index, follow, max-snippet:-1, max-image-preview:large, max-video-preview:-1\" \/>\n<link rel=\"canonical\" href=\"https:\/\/somoslajaulaestudio.es\/index.php\/terminos-y-condiciones-de-uso\/\" \/>\n<meta property=\"og:locale\" content=\"es_ES\" \/>\n<meta property=\"og:type\" content=\"article\" \/>\n<meta property=\"og:title\" content=\"T\u00e9rminos y Condiciones de Uso - Somos la Jaula\" \/>\n<meta property=\"og:description\" content=\"T\u00e9rminos y Condiciones de Uso - Somos la Jaula\" \/>\n<meta property=\"og:url\" content=\"https:\/\/somoslajaulaestudio.es\/index.php\/terminos-y-condiciones-de-uso\/\" \/>\n<meta property=\"og:site_name\" content=\"Somos la Jaula\" \/>\n<meta property=\"article:modified_time\" content=\"2025-11-20T18:46:31+00:00\" \/>\n<script type=\"application\/ld+json\" class=\"yoast-schema-graph\">{\"@context\":\"https:\/\/schema.org\",\"@graph\":[{\"@type\":\"WebPage\",\"@id\":\"https:\/\/somoslajaulaestudio.es\/index.php\/terminos-y-condiciones-de-uso\/\",\"url\":\"https:\/\/somoslajaulaestudio.es\/index.php\/terminos-y-condiciones-de-uso\/\",\"name\":\"T\u00e9rminos y Condiciones de Uso - Somos la Jaula\",\"isPartOf\":{\"@id\":\"https:\/\/somoslajaulaestudio.es\/#website\"},\"datePublished\":\"2025-10-31T11:57:02+00:00\",\"dateModified\":\"2025-11-20T18:46:31+00:00\",\"description\":\"T\u00e9rminos y Condiciones de Uso - Somos la Jaula\",\"breadcrumb\":{\"@id\":\"https:\/\/somoslajaulaestudio.es\/index.php\/terminos-y-condiciones-de-uso\/#breadcrumb\"},\"inLanguage\":\"es\",\"potentialAction\":[{\"@type\":\"ReadAction\",\"target\":[\"https:\/\/somoslajaulaestudio.es\/index.php\/terminos-y-condiciones-de-uso\/\"]}]},{\"@type\":\"BreadcrumbList\",\"@id\":\"https:\/\/somoslajaulaestudio.es\/index.php\/terminos-y-condiciones-de-uso\/#breadcrumb\",\"itemListElement\":[{\"@type\":\"ListItem\",\"position\":1,\"name\":\"Portada\",\"item\":\"https:\/\/somoslajaulaestudio.es\/\"},{\"@type\":\"ListItem\",\"position\":2,\"name\":\"T\u00e9rminos y Condiciones de Uso\"}]},{\"@type\":\"WebSite\",\"@id\":\"https:\/\/somoslajaulaestudio.es\/#website\",\"url\":\"https:\/\/somoslajaulaestudio.es\/\",\"name\":\"Somos la Jaula\",\"description\":\"Somos La Jaula: espacio creativo en Almer\u00eda para grabaciones de podcast, videoclips, m\u00fasica y fotograf\u00eda. Alquila estudios profesionales con equipo t\u00e9cnico incluido.\",\"publisher\":{\"@id\":\"https:\/\/somoslajaulaestudio.es\/#organization\"},\"potentialAction\":[{\"@type\":\"SearchAction\",\"target\":{\"@type\":\"EntryPoint\",\"urlTemplate\":\"https:\/\/somoslajaulaestudio.es\/?s={search_term_string}\"},\"query-input\":{\"@type\":\"PropertyValueSpecification\",\"valueRequired\":true,\"valueName\":\"search_term_string\"}}],\"inLanguage\":\"es\"},{\"@type\":\"Organization\",\"@id\":\"https:\/\/somoslajaulaestudio.es\/#organization\",\"name\":\"Somos la Jaula\",\"url\":\"https:\/\/somoslajaulaestudio.es\/\",\"logo\":{\"@type\":\"ImageObject\",\"inLanguage\":\"es\",\"@id\":\"https:\/\/somoslajaulaestudio.es\/#\/schema\/logo\/image\/\",\"url\":\"https:\/\/somoslajaulaestudio.es\/wp-content\/uploads\/2025\/10\/cropped-FAVICON-LA-JAULA.png\",\"contentUrl\":\"https:\/\/somoslajaulaestudio.es\/wp-content\/uploads\/2025\/10\/cropped-FAVICON-LA-JAULA.png\",\"width\":512,\"height\":512,\"caption\":\"Somos la Jaula\"},\"image\":{\"@id\":\"https:\/\/somoslajaulaestudio.es\/#\/schema\/logo\/image\/\"},\"sameAs\":[\"https:\/\/www.instagram.com\/somoslajaula\/\",\"https:\/\/www.youtube.com\/@somoslajaula\"]}]}<\/script>\n<!-- \/ Yoast SEO plugin. -->","yoast_head_json":{"title":"T\u00e9rminos y Condiciones de Uso - Somos la Jaula","description":"T\u00e9rminos y Condiciones de Uso - Somos la Jaula","robots":{"index":"index","follow":"follow","max-snippet":"max-snippet:-1","max-image-preview":"max-image-preview:large","max-video-preview":"max-video-preview:-1"},"canonical":"https:\/\/somoslajaulaestudio.es\/index.php\/terminos-y-condiciones-de-uso\/","og_locale":"es_ES","og_type":"article","og_title":"T\u00e9rminos y Condiciones de Uso - Somos la Jaula","og_description":"T\u00e9rminos y Condiciones de Uso - Somos la Jaula","og_url":"https:\/\/somoslajaulaestudio.es\/index.php\/terminos-y-condiciones-de-uso\/","og_site_name":"Somos la Jaula","article_modified_time":"2025-11-20T18:46:31+00:00","schema":{"@context":"https:\/\/schema.org","@graph":[{"@type":"WebPage","@id":"https:\/\/somoslajaulaestudio.es\/index.php\/terminos-y-condiciones-de-uso\/","url":"https:\/\/somoslajaulaestudio.es\/index.php\/terminos-y-condiciones-de-uso\/","name":"T\u00e9rminos y Condiciones de Uso - Somos la Jaula","isPartOf":{"@id":"https:\/\/somoslajaulaestudio.es\/#website"},"datePublished":"2025-10-31T11:57:02+00:00","dateModified":"2025-11-20T18:46:31+00:00","description":"T\u00e9rminos y Condiciones de Uso - Somos la Jaula","breadcrumb":{"@id":"https:\/\/somoslajaulaestudio.es\/index.php\/terminos-y-condiciones-de-uso\/#breadcrumb"},"inLanguage":"es","potentialAction":[{"@type":"ReadAction","target":["https:\/\/somoslajaulaestudio.es\/index.php\/terminos-y-condiciones-de-uso\/"]}]},{"@type":"BreadcrumbList","@id":"https:\/\/somoslajaulaestudio.es\/index.php\/terminos-y-condiciones-de-uso\/#breadcrumb","itemListElement":[{"@type":"ListItem","position":1,"name":"Portada","item":"https:\/\/somoslajaulaestudio.es\/"},{"@type":"ListItem","position":2,"name":"T\u00e9rminos y Condiciones de Uso"}]},{"@type":"WebSite","@id":"https:\/\/somoslajaulaestudio.es\/#website","url":"https:\/\/somoslajaulaestudio.es\/","name":"Somos la Jaula","description":"Somos La Jaula: espacio creativo en Almer\u00eda para grabaciones de podcast, videoclips, m\u00fasica y fotograf\u00eda. Alquila estudios profesionales con equipo t\u00e9cnico incluido.","publisher":{"@id":"https:\/\/somoslajaulaestudio.es\/#organization"},"potentialAction":[{"@type":"SearchAction","target":{"@type":"EntryPoint","urlTemplate":"https:\/\/somoslajaulaestudio.es\/?s={search_term_string}"},"query-input":{"@type":"PropertyValueSpecification","valueRequired":true,"valueName":"search_term_string"}}],"inLanguage":"es"},{"@type":"Organization","@id":"https:\/\/somoslajaulaestudio.es\/#organization","name":"Somos la Jaula","url":"https:\/\/somoslajaulaestudio.es\/","logo":{"@type":"ImageObject","inLanguage":"es","@id":"https:\/\/somoslajaulaestudio.es\/#\/schema\/logo\/image\/","url":"https:\/\/somoslajaulaestudio.es\/wp-content\/uploads\/2025\/10\/cropped-FAVICON-LA-JAULA.png","contentUrl":"https:\/\/somoslajaulaestudio.es\/wp-content\/uploads\/2025\/10\/cropped-FAVICON-LA-JAULA.png","width":512,"height":512,"caption":"Somos la Jaula"},"image":{"@id":"https:\/\/somoslajaulaestudio.es\/#\/schema\/logo\/image\/"},"sameAs":["https:\/\/www.instagram.com\/somoslajaula\/","https:\/\/www.youtube.com\/@somoslajaula"]}]}},"jetpack_sharing_enabled":true,"_links":{"self":[{"href":"https:\/\/somoslajaulaestudio.es\/index.php\/wp-json\/wp\/v2\/pages\/209","targetHints":{"allow":["GET"]}}],"collection":[{"href":"https:\/\/somoslajaulaestudio.es\/index.php\/wp-json\/wp\/v2\/pages"}],"about":[{"href":"https:\/\/somoslajaulaestudio.es\/index.php\/wp-json\/wp\/v2\/types\/page"}],"author":[{"embeddable":true,"href":"https:\/\/somoslajaulaestudio.es\/index.php\/wp-json\/wp\/v2\/users\/1"}],"replies":[{"embeddable":true,"href":"https:\/\/somoslajaulaestudio.es\/index.php\/wp-json\/wp\/v2\/comments?post=209"}],"version-history":[{"count":5,"href":"https:\/\/somoslajaulaestudio.es\/index.php\/wp-json\/wp\/v2\/pages\/209\/revisions"}],"predecessor-version":[{"id":240,"href":"https:\/\/somoslajaulaestudio.es\/index.php\/wp-json\/wp\/v2\/pages\/209\/revisions\/240"}],"wp:attachment":[{"href":"https:\/\/somoslajaulaestudio.es\/index.php\/wp-json\/wp\/v2\/media?parent=209"}],"curies":[{"name":"wp","href":"https:\/\/api.w.org\/{rel}","templated":true}]}}