{"id":58,"date":"2025-10-09T17:41:08","date_gmt":"2025-10-09T17:41:08","guid":{"rendered":"https:\/\/somoslajaulaestudio.es\/?page_id=58"},"modified":"2025-11-26T18:45:35","modified_gmt":"2025-11-26T18:45:35","slug":"audio","status":"publish","type":"page","link":"https:\/\/somoslajaulaestudio.es\/index.php\/audio\/","title":{"rendered":"Audio"},"content":{"rendered":"<p>[et_pb_section fb_built=\u00bb1&#8243; _builder_version=\u00bb4.27.4&#8243; _module_preset=\u00bbdefault\u00bb background_color=\u00bb#000000&#8243; da_disable_devices=\u00bboff|off|off\u00bb global_colors_info=\u00bb{}\u00bb da_is_popup=\u00bboff\u00bb da_exit_intent=\u00bboff\u00bb da_has_close=\u00bbon\u00bb da_alt_close=\u00bboff\u00bb da_dark_close=\u00bboff\u00bb da_not_modal=\u00bbon\u00bb da_is_singular=\u00bboff\u00bb da_with_loader=\u00bboff\u00bb da_has_shadow=\u00bbon\u00bb][et_pb_row _builder_version=\u00bb4.27.4&#8243; _module_preset=\u00bbdefault\u00bb global_colors_info=\u00bb{}\u00bb][et_pb_column type=\u00bb4_4&#8243; _builder_version=\u00bb4.27.4&#8243; _module_preset=\u00bbdefault\u00bb global_colors_info=\u00bb{}\u00bb][et_pb_heading title=\u00bbSoluciones Audio para Profesionales\u00bb _builder_version=\u00bb4.27.4&#8243; _module_preset=\u00bbdefault\u00bb global_colors_info=\u00bb{}\u00bb][\/et_pb_heading][\/et_pb_column][\/et_pb_row][et_pb_row _builder_version=\u00bb4.27.4&#8243; _module_preset=\u00bbdefault\u00bb global_colors_info=\u00bb{}\u00bb][et_pb_column type=\u00bb4_4&#8243; _builder_version=\u00bb4.27.4&#8243; _module_preset=\u00bbdefault\u00bb global_colors_info=\u00bb{}\u00bb][et_pb_text _builder_version=\u00bb4.27.4&#8243; _module_preset=\u00bbdefault\u00bb global_colors_info=\u00bb{}\u00bb]<\/p>\n<p data-start=\"156\" data-end=\"501\">En <strong data-start=\"159\" data-end=\"177\">Somos La Jaula<\/strong> ponemos a tu disposici\u00f3n un <strong data-start=\"206\" data-end=\"253\">estudio de grabaci\u00f3n profesional en Almer\u00eda<\/strong> pensado para potenciar cada proyecto musical o creativo. Nuestro espacio incluye una <strong data-start=\"339\" data-end=\"364\">control room equipada<\/strong> con todo lo necesario y <strong data-start=\"389\" data-end=\"415\">dos salas de grabaci\u00f3n<\/strong> con caracter\u00edsticas ac\u00fasticas diferentes, adaptadas a cualquier tipo de producci\u00f3n.<\/p>\n<p data-start=\"503\" data-end=\"768\">La <strong data-start=\"506\" data-end=\"516\">Sala A<\/strong>, de aproximadamente <strong data-start=\"537\" data-end=\"546\">65 m\u00b2<\/strong>, est\u00e1 dise\u00f1ada para grabaciones en directo, ensayos y producciones de gran formato. La <strong data-start=\"634\" data-end=\"644\">Sala B<\/strong>, de unos <strong data-start=\"654\" data-end=\"663\">25 m\u00b2<\/strong>, ofrece un entorno m\u00e1s \u00edntimo, perfecto para voces, instrumentos solistas o proyectos de menor escala.<\/p>\n<p data-start=\"770\" data-end=\"1199\">Ofrecemos servicios completos de <strong data-start=\"803\" data-end=\"846\">grabaci\u00f3n, producci\u00f3n y mezcla de audio<\/strong>, con un equipo humano y t\u00e9cnico que acompa\u00f1a tu proceso creativo de principio a fin. Contamos con un <strong data-start=\"948\" data-end=\"1007\">amplio backline y equipamiento profesional de grabaci\u00f3n<\/strong> (ver inventario)*, y un equipo multidisciplinar formado por <strong data-start=\"1068\" data-end=\"1135\">t\u00e9cnicos de sonido, m\u00fasicos de sesi\u00f3n, fot\u00f3grafos y vide\u00f3grafos<\/strong>, capaces de documentar y potenciar tu proyecto en cada etapa.<\/p>\n<p>[\/et_pb_text][\/et_pb_column][\/et_pb_row][\/et_pb_section][et_pb_section fb_built=\u00bb1&#8243; _builder_version=\u00bb4.27.4&#8243; _module_preset=\u00bbdefault\u00bb background_color=\u00bb#000000&#8243; da_disable_devices=\u00bboff|off|off\u00bb global_colors_info=\u00bb{}\u00bb da_is_popup=\u00bboff\u00bb da_exit_intent=\u00bboff\u00bb da_has_close=\u00bbon\u00bb da_alt_close=\u00bboff\u00bb da_dark_close=\u00bboff\u00bb da_not_modal=\u00bbon\u00bb da_is_singular=\u00bboff\u00bb da_with_loader=\u00bboff\u00bb da_has_shadow=\u00bbon\u00bb][et_pb_row _builder_version=\u00bb4.27.4&#8243; _module_preset=\u00bbdefault\u00bb global_colors_info=\u00bb{}\u00bb][et_pb_column type=\u00bb4_4&#8243; _builder_version=\u00bb4.27.4&#8243; _module_preset=\u00bbdefault\u00bb global_colors_info=\u00bb{}\u00bb][et_pb_heading title=\u00bbEquipo Profesional de Grabaci\u00f3n en Almer\u00eda\u00bb _builder_version=\u00bb4.27.4&#8243; _module_preset=\u00bbdefault\u00bb global_colors_info=\u00bb{}\u00bb][\/et_pb_heading][\/et_pb_column][\/et_pb_row][et_pb_row _builder_version=\u00bb4.27.4&#8243; _module_preset=\u00bbdefault\u00bb global_colors_info=\u00bb{}\u00bb][et_pb_column type=\u00bb4_4&#8243; _builder_version=\u00bb4.27.4&#8243; _module_preset=\u00bbdefault\u00bb global_colors_info=\u00bb{}\u00bb][et_pb_text _builder_version=\u00bb4.27.4&#8243; _module_preset=\u00bbdefault\u00bb global_colors_info=\u00bb{}\u00bb]<\/p>\n<p>En <strong data-start=\"156\" data-end=\"174\">Somos La Jaula<\/strong> contamos con <strong data-start=\"188\" data-end=\"227\">equipamiento de estudio profesional<\/strong> para grabaciones, mezclas y producciones musicales. Nuestro backline incluye <strong data-start=\"305\" data-end=\"362\">micr\u00f3fonos, monitores, mesas de mezcla e instrumentos<\/strong>, todo pensado para garantizar <strong data-start=\"393\" data-end=\"439\">grabaciones y producciones de alta calidad<\/strong>. Adem\u00e1s, ofrecemos <strong data-start=\"459\" data-end=\"494\">servicios de fotograf\u00eda y video<\/strong> para documentar tu proyecto creativo.<\/p>\n<p>[\/et_pb_text][\/et_pb_column][\/et_pb_row][\/et_pb_section][et_pb_section fb_built=\u00bb1&#8243; _builder_version=\u00bb4.27.4&#8243; _module_preset=\u00bbdefault\u00bb background_color=\u00bb#000000&#8243; background_image=\u00bbhttps:\/\/somoslajaulaestudio.es\/wp-content\/uploads\/2025\/10\/MG_7095.jpg\u00bb parallax=\u00bbon\u00bb parallax_method=\u00bboff\u00bb hover_enabled=\u00bb0&#8243; da_disable_devices=\u00bboff|off|off\u00bb global_colors_info=\u00bb{}\u00bb disabled_on=\u00bbon|on|off\u00bb sticky_enabled=\u00bb0&#8243; da_is_popup=\u00bboff\u00bb da_exit_intent=\u00bboff\u00bb da_has_close=\u00bbon\u00bb da_alt_close=\u00bboff\u00bb da_dark_close=\u00bboff\u00bb da_not_modal=\u00bbon\u00bb da_is_singular=\u00bboff\u00bb da_with_loader=\u00bboff\u00bb da_has_shadow=\u00bbon\u00bb][et_pb_row column_structure=\u00bb1_2,1_2&#8243; _builder_version=\u00bb4.27.4&#8243; _module_preset=\u00bbdefault\u00bb global_colors_info=\u00bb{}\u00bb][et_pb_column type=\u00bb1_2&#8243; _builder_version=\u00bb4.27.4&#8243; _module_preset=\u00bbdefault\u00bb global_colors_info=\u00bb{}\u00bb][et_pb_text _builder_version=\u00bb4.27.4&#8243; _module_preset=\u00bbdefault\u00bb hover_enabled=\u00bb0&#8243; global_colors_info=\u00bb{}\u00bb sticky_enabled=\u00bb0&#8243;]<\/p>\n<p><strong>MICROFON\u00cdA<\/strong><\/p>\n<p><strong>LDCs<\/strong><br \/>Neumann u87<br \/>Peluso 2274E<br \/>Neumann TLM103 x2<br \/>Neumann Retro Tube<br \/>Warm Audio WA47Jr<br \/><strong>SDCs<\/strong><br \/>Neumann KM184 x2<br \/>Calrec CM652 x2<br \/>Audix ADX51 x2<br \/>SE electronics SE1A x2<br \/>Benson Audio Labs RC22<br \/><strong>Ribbon<\/strong><br \/>Telefunken 1960\u00b4s Ribbon x2<br \/>Sontronics Sigma<br \/>T.bone RB100 x2<br \/><strong>Dynamics<\/strong><br \/>Sennheiser MD 441 x2<br \/>Sennheiser MD 421 x3<br \/>Sennheiser e906<br \/>Sennheiser e606 x2<br \/>Sennheiser e609 x3<br \/>Electro Voice RE-20<br \/>Electro Voice PL33<br \/>Electro Voice PL35 x2<br \/>Audix D6<br \/>Audix D4<br \/>Audix D2 x 2<br \/>Audix i5<br \/>Shure SM57 x4<br \/>Shure SM58 x4<br \/>Benson Audio Labs BA30 x9<\/p>\n<p><strong>CAJAS DE INYECCI\u00d3N<\/strong><\/p>\n<p>Audiotec DI-STD<br \/>Samson S-Direct<br \/>dbx DJDI<br \/>Millenium Passive D.I x2<\/p>\n<p><strong>PREAMPLIFICADORES<\/strong><\/p>\n<p>Avalon VT-737SP BK x2<br \/>Focusrite RED 6 Channel Strip<br \/>Focusrite RED 8 Stereo Strip<br \/>Audient Black Series x3<br \/>Warm Audio WA-273<br \/>Warm Audio WA-412<br \/>SPL Frontliner Tube Channel Strip<\/p>\n<p><strong>CONVERSORES<\/strong><\/p>\n<p>Arturia Audiofuse 16RIG (16i x 8o)<br \/>Digidesign 96 x4 (32i x 16o)<\/p>\n<p><strong>OUTBOARD<\/strong><\/p>\n<p>Manley Stereo Pultec<br \/>Manley Vari-Mu<br \/>Focusrite RED 2 Dual EQ<br \/>Focusrite RED 3 Compressor Limiter<br \/>Audio Designs Recording P600-R Limiter-Compressor x2<br \/>Audient Black Series EQ x3<br \/>Audient Black Series Comp x3<\/p>\n<p style=\"text-align: left;\"><strong>AMPLIFICADORES<\/strong><\/p>\n<p style=\"text-align: left;\">Fender Hot-Rod Deluxe Combo 1&#215;12 (Mod)<br \/>Sinmarc Bassman 50 watts Head<br \/>Laney GH100L Head<br \/>Trace elliot AH-1000-12 Head<br \/>Engl Straight combo 1&#215;10<br \/>Traynor combo 1&#215;12<br \/>Sunn ST-15 combo<br \/>4&#215;10 Trace Elliot cabinet (8ohm)<br \/>1&#215;18 Trace Elliot Cabinet (8ohm)<br \/>2&#215;12 Eminence Swamp thang cabinet (8ohm)<br \/>1&#215;12 Celestion Greenback cabinet (8ohm)<\/p>\n<p>[\/et_pb_text][\/et_pb_column][et_pb_column type=\u00bb1_2&#8243; _builder_version=\u00bb4.27.4&#8243; _module_preset=\u00bbdefault\u00bb global_colors_info=\u00bb{}\u00bb][et_pb_text _builder_version=\u00bb4.27.4&#8243; _module_preset=\u00bbdefault\u00bb global_colors_info=\u00bb{}\u00bb]<\/p>\n<p style=\"text-align: right;\"><strong>PEDALES<\/strong> (a convenir)<\/p>\n<p style=\"text-align: right;\">polytune 3 mini<br \/>eqd the warden comp<br \/>ss\/bs mini overdrive clone<br \/>boss\/jhs angry driver<br \/>proco rat clone + mod<br \/>amptweaker fat metal distortion<br \/>revv g4 distortion clone<br \/>jptr fx warlow op-amp fuzz<br \/>teisco fuzz<br \/>ehx green russian reissue fuzz<br \/>eqd acapulco gold clone<br \/>lehle mono volume<br \/>dunlop crybaby wah<br \/>dunlop fuzz face<br \/>ten band eq<br \/>strymon dig stereo delay<br \/>boss dd-7 stereo delay<br \/>gfi systems skylar stereo reverb<br \/>kma audio machines tyler deluxe bass crossover<\/p>\n<p style=\"text-align: right;\"><strong>BATER\u00cdA<\/strong> (a convenir)<\/p>\n<p style=\"text-align: right;\">DW 26&#8243;x14&#8243; pdp Concept Classic Bass Drum<br \/>DW 16&#8243;x16&#8243; pdp Concept Classic Floor Tom<br \/>DW 13&#8243;x9&#8243; pdp Concept Classic Rack Tom<br \/>Yamaha 14&#8243;x5&#8243;5 Recording Custom Aluminum Snare<br \/>Tama 14&#8243;x10&#8243; Modern Utility Snare\/Tom<\/p>\n<p style=\"text-align: right;\"><strong>PLATOS<\/strong> (a convenir)<\/p>\n<p style=\"text-align: right;\">Zultan Caz 24\u201d Ride<br \/>Zultan Dark Matter 22\u201d Ride<br \/>Zultan Raw 15\u201d Hi-Hats<br \/>Zultan Dark Matter 22\u201d Crash<br \/>Zildjian 20\u201d Crash<\/p>\n<p style=\"text-align: right;\"><strong>CONTROLADORES MIDI<\/strong><\/p>\n<p style=\"text-align: right;\">Studiologic SL73<br \/>Arturia Keylab 61 MKII<br \/>Millenium Nonapad Drumpad<\/p>\n<p style=\"text-align: right;\"><strong>SINTETIZADORES<\/strong> (a convenir)<\/p>\n<p style=\"text-align: right;\">Korg Minilogue xd<br \/>Roland SP-404<br \/>Arturia Drumbute Impact<\/p>\n<p style=\"text-align: right;\"><strong>SINTES MODULARES<\/strong> (a convenir)<\/p>\n<p style=\"text-align: right;\">Mutable Instruments Kinks<br \/>XAOC Devices Batumi II<br \/>2x Happy Nerding 3xMIA<br \/>Befaco Mutes<br \/>Oxi Coral<br \/>Befaco Stereo Strip<br \/>Rides In The Storm QPM<br \/>Qu-Bit Mojave<br \/>Qu-Bit Data Bender<br \/>Befaco STMIX v3<br \/>Befaco Midi Thing v2<br \/>Befaco VCMC<br \/>Befaco OUT v3<\/p>\n<p>[\/et_pb_text][\/et_pb_column][\/et_pb_row][\/et_pb_section][et_pb_section fb_built=\u00bb1&#8243; _builder_version=\u00bb4.27.4&#8243; _module_preset=\u00bbdefault\u00bb background_color=\u00bb#000000&#8243; background_image=\u00bbhttps:\/\/somoslajaulaestudio.es\/wp-content\/uploads\/2025\/10\/MG_7095.jpg\u00bb parallax=\u00bbon\u00bb parallax_method=\u00bboff\u00bb hover_enabled=\u00bb0&#8243; da_disable_devices=\u00bboff|off|off\u00bb global_colors_info=\u00bb{}\u00bb disabled_on=\u00bboff|off|on\u00bb sticky_enabled=\u00bb0&#8243; da_is_popup=\u00bboff\u00bb da_exit_intent=\u00bboff\u00bb da_has_close=\u00bbon\u00bb da_alt_close=\u00bboff\u00bb da_dark_close=\u00bboff\u00bb da_not_modal=\u00bbon\u00bb da_is_singular=\u00bboff\u00bb da_with_loader=\u00bboff\u00bb da_has_shadow=\u00bbon\u00bb][et_pb_row column_structure=\u00bb1_2,1_2&#8243; _builder_version=\u00bb4.27.4&#8243; _module_preset=\u00bbdefault\u00bb global_colors_info=\u00bb{}\u00bb][et_pb_column type=\u00bb1_2&#8243; _builder_version=\u00bb4.27.4&#8243; _module_preset=\u00bbdefault\u00bb global_colors_info=\u00bb{}\u00bb][et_pb_text _builder_version=\u00bb4.27.4&#8243; _module_preset=\u00bbdefault\u00bb hover_enabled=\u00bb0&#8243; global_colors_info=\u00bb{}\u00bb sticky_enabled=\u00bb0&#8243;]<\/p>\n<p style=\"text-align: center;\"><strong>MICROFON\u00cdA<\/strong><\/p>\n<p style=\"text-align: center;\"><strong>LDCs<\/strong><br \/>Neumann u87<br \/>Peluso 2274E<br \/>Neumann TLM103 x2<br \/>Neumann Retro Tube<br \/>Warm Audio WA47Jr<br \/><strong>SDCs<\/strong><br \/>Neumann KM184 x2<br \/>Calrec CM652 x2<br \/>Audix ADX51 x2<br \/>SE electronics SE1A x2<br \/>Benson Audio Labs RC22<br \/><strong>Ribbon<\/strong><br \/>Telefunken 1960\u00b4s Ribbon x2<br \/>Sontronics Sigma<br \/>T.bone RB100 x2<br \/><strong>Dynamics<\/strong><br \/>Sennheiser MD 441 x2<br \/>Sennheiser MD 421 x3<br \/>Sennheiser e906<br \/>Sennheiser e606 x2<br \/>Sennheiser e609 x3<br \/>Electro Voice RE-20<br \/>Electro Voice PL33<br \/>Electro Voice PL35 x2<br \/>Audix D6<br \/>Audix D4<br \/>Audix D2 x 2<br \/>Audix i5<br \/>Shure SM57 x4<br \/>Shure SM58 x4<br \/>Benson Audio Labs BA30 x9<\/p>\n<p style=\"text-align: center;\"><strong>CAJAS DE INYECCI\u00d3N<\/strong><\/p>\n<p style=\"text-align: center;\">Audiotec DI-STD<br \/>Samson S-Direct<br \/>dbx DJDI<br \/>Millenium Passive D.I x2<\/p>\n<p style=\"text-align: center;\"><strong>PREAMPLIFICADORES<\/strong><\/p>\n<p style=\"text-align: center;\">Avalon VT-737SP BK x2<br \/>Focusrite RED 6 Channel Strip<br \/>Focusrite RED 8 Stereo Strip<br \/>Audient Black Series x3<br \/>Warm Audio WA-273<br \/>Warm Audio WA-412<br \/>SPL Frontliner Tube Channel Strip<\/p>\n<p style=\"text-align: center;\"><strong>CONVERSORES<\/strong><\/p>\n<p style=\"text-align: center;\">Arturia Audiofuse 16RIG (16i x 8o)<br \/>Digidesign 96 x4 (32i x 16o)<\/p>\n<p style=\"text-align: center;\"><strong>OUTBOARD<\/strong><\/p>\n<p style=\"text-align: center;\">Manley Stereo Pultec<br \/>Manley Vari-Mu<br \/>Focusrite RED 2 Dual EQ<br \/>Focusrite RED 3 Compressor Limiter<br \/>Audio Designs Recording P600-R Limiter-Compressor x2<br \/>Audient Black Series EQ x3<br \/>Audient Black Series Comp x3<\/p>\n<p style=\"text-align: center;\"><strong>AMPLIFICADORES<\/strong><\/p>\n<p style=\"text-align: center;\">Fender Hot-Rod Deluxe Combo 1&#215;12 (Mod)<br \/>Sinmarc Bassman 50 watts Head<br \/>Laney GH100L Head<br \/>Trace elliot AH-1000-12 Head<br \/>Engl Straight combo 1&#215;10<br \/>Traynor combo 1&#215;12<br \/>Sunn ST-15 combo<br \/>4&#215;10 Trace Elliot cabinet (8ohm)<br \/>1&#215;18 Trace Elliot Cabinet (8ohm)<br \/>2&#215;12 Eminence Swamp thang cabinet (8ohm)<br \/>1&#215;12 Celestion Greenback cabinet (8ohm)<\/p>\n<p>[\/et_pb_text][\/et_pb_column][et_pb_column type=\u00bb1_2&#8243; _builder_version=\u00bb4.27.4&#8243; _module_preset=\u00bbdefault\u00bb global_colors_info=\u00bb{}\u00bb][et_pb_text _builder_version=\u00bb4.27.4&#8243; _module_preset=\u00bbdefault\u00bb hover_enabled=\u00bb0&#8243; global_colors_info=\u00bb{}\u00bb sticky_enabled=\u00bb0&#8243;]<\/p>\n<p style=\"text-align: center;\"><strong>PEDALES<\/strong> (a convenir)<\/p>\n<p style=\"text-align: center;\">polytune 3 mini<br \/>eqd the warden comp<br \/>ss\/bs mini overdrive clone<br \/>boss\/jhs angry driver<br \/>proco rat clone + mod<br \/>amptweaker fat metal distortion<br \/>revv g4 distortion clone<br \/>jptr fx warlow op-amp fuzz<br \/>teisco fuzz<br \/>ehx green russian reissue fuzz<br \/>eqd acapulco gold clone<br \/>lehle mono volume<br \/>dunlop crybaby wah<br \/>dunlop fuzz face<br \/>ten band eq<br \/>strymon dig stereo delay<br \/>boss dd-7 stereo delay<br \/>gfi systems skylar stereo reverb<br \/>kma audio machines tyler deluxe bass crossover<\/p>\n<p style=\"text-align: center;\"><strong>BATER\u00cdA<\/strong> (a convenir)<\/p>\n<p style=\"text-align: center;\">DW 26&#8243;x14&#8243; pdp Concept Classic Bass Drum<br \/>DW 16&#8243;x16&#8243; pdp Concept Classic Floor Tom<br \/>DW 13&#8243;x9&#8243; pdp Concept Classic Rack Tom<br \/>Yamaha 14&#8243;x5&#8243;5 Recording Custom Aluminum Snare<br \/>Tama 14&#8243;x10&#8243; Modern Utility Snare\/Tom<\/p>\n<p style=\"text-align: center;\"><strong>PLATOS<\/strong> (a convenir)<\/p>\n<p style=\"text-align: center;\">Zultan Caz 24\u201d Ride<br \/>Zultan Dark Matter 22\u201d Ride<br \/>Zultan Raw 15\u201d Hi-Hats<br \/>Zultan Dark Matter 22\u201d Crash<br \/>Zildjian 20\u201d Crash<\/p>\n<p style=\"text-align: center;\"><strong>CONTROLADORES MIDI<\/strong><\/p>\n<p style=\"text-align: center;\">Studiologic SL73<br \/>Arturia Keylab 61 MKII<br \/>Millenium Nonapad Drumpad<\/p>\n<p style=\"text-align: center;\"><strong>SINTETIZADORES<\/strong> (a convenir)<\/p>\n<p style=\"text-align: center;\">Korg Minilogue xd<br \/>Roland SP-404<br \/>Arturia Drumbute Impact<\/p>\n<p style=\"text-align: center;\"><strong>SINTES MODULARES<\/strong> (a convenir)<\/p>\n<p style=\"text-align: center;\">Mutable Instruments Kinks<br \/>XAOC Devices Batumi II<br \/>2x Happy Nerding 3xMIA<br \/>Befaco Mutes<br \/>Oxi Coral<br \/>Befaco Stereo Strip<br \/>Rides In The Storm QPM<br \/>Qu-Bit Mojave<br \/>Qu-Bit Data Bender<br \/>Befaco STMIX v3<br \/>Befaco Midi Thing v2<br \/>Befaco VCMC<br \/>Befaco OUT v3<\/p>\n<p>[\/et_pb_text][\/et_pb_column][\/et_pb_row][\/et_pb_section]<\/p>\n","protected":false},"excerpt":{"rendered":"<p>En Somos La Jaula ponemos a tu disposici\u00f3n un estudio de grabaci\u00f3n profesional en Almer\u00eda pensado para potenciar cada proyecto musical o creativo. Nuestro espacio incluye una control room equipada con todo lo necesario y dos salas de grabaci\u00f3n con caracter\u00edsticas ac\u00fasticas diferentes, adaptadas a cualquier tipo de producci\u00f3n. La Sala A, de aproximadamente 65 [&hellip;]<\/p>\n","protected":false},"author":1,"featured_media":0,"parent":0,"menu_order":0,"comment_status":"closed","ping_status":"closed","template":"","meta":{"_et_pb_use_builder":"on","_et_pb_old_content":"<!-- wp:divi\/placeholder \/-->","_et_gb_content_width":"","footnotes":""},"class_list":["post-58","page","type-page","status-publish","hentry"],"yoast_head":"<!-- This site is optimized with the Yoast SEO plugin v26.4 - https:\/\/yoast.com\/wordpress\/plugins\/seo\/ -->\n<title>Audio - Somos la Jaula<\/title>\n<meta name=\"description\" content=\"Audio - Somos la Jaula\" \/>\n<meta name=\"robots\" content=\"index, follow, max-snippet:-1, max-image-preview:large, max-video-preview:-1\" \/>\n<link rel=\"canonical\" href=\"https:\/\/somoslajaulaestudio.es\/index.php\/audio\/\" \/>\n<meta property=\"og:locale\" content=\"es_ES\" \/>\n<meta property=\"og:type\" content=\"article\" \/>\n<meta property=\"og:title\" content=\"Audio - Somos la Jaula\" \/>\n<meta property=\"og:description\" content=\"Audio - Somos la Jaula\" \/>\n<meta property=\"og:url\" content=\"https:\/\/somoslajaulaestudio.es\/index.php\/audio\/\" \/>\n<meta property=\"og:site_name\" content=\"Somos la Jaula\" \/>\n<meta property=\"article:modified_time\" content=\"2025-11-26T18:45:35+00:00\" \/>\n<script type=\"application\/ld+json\" class=\"yoast-schema-graph\">{\"@context\":\"https:\/\/schema.org\",\"@graph\":[{\"@type\":\"WebPage\",\"@id\":\"https:\/\/somoslajaulaestudio.es\/index.php\/audio\/\",\"url\":\"https:\/\/somoslajaulaestudio.es\/index.php\/audio\/\",\"name\":\"Audio - Somos la Jaula\",\"isPartOf\":{\"@id\":\"https:\/\/somoslajaulaestudio.es\/#website\"},\"datePublished\":\"2025-10-09T17:41:08+00:00\",\"dateModified\":\"2025-11-26T18:45:35+00:00\",\"description\":\"Audio - Somos la Jaula\",\"breadcrumb\":{\"@id\":\"https:\/\/somoslajaulaestudio.es\/index.php\/audio\/#breadcrumb\"},\"inLanguage\":\"es\",\"potentialAction\":[{\"@type\":\"ReadAction\",\"target\":[\"https:\/\/somoslajaulaestudio.es\/index.php\/audio\/\"]}]},{\"@type\":\"BreadcrumbList\",\"@id\":\"https:\/\/somoslajaulaestudio.es\/index.php\/audio\/#breadcrumb\",\"itemListElement\":[{\"@type\":\"ListItem\",\"position\":1,\"name\":\"Portada\",\"item\":\"https:\/\/somoslajaulaestudio.es\/\"},{\"@type\":\"ListItem\",\"position\":2,\"name\":\"Audio\"}]},{\"@type\":\"WebSite\",\"@id\":\"https:\/\/somoslajaulaestudio.es\/#website\",\"url\":\"https:\/\/somoslajaulaestudio.es\/\",\"name\":\"Somos la Jaula\",\"description\":\"Somos La Jaula: espacio creativo en Almer\u00eda para grabaciones de podcast, videoclips, m\u00fasica y fotograf\u00eda. Alquila estudios profesionales con equipo t\u00e9cnico incluido.\",\"publisher\":{\"@id\":\"https:\/\/somoslajaulaestudio.es\/#organization\"},\"potentialAction\":[{\"@type\":\"SearchAction\",\"target\":{\"@type\":\"EntryPoint\",\"urlTemplate\":\"https:\/\/somoslajaulaestudio.es\/?s={search_term_string}\"},\"query-input\":{\"@type\":\"PropertyValueSpecification\",\"valueRequired\":true,\"valueName\":\"search_term_string\"}}],\"inLanguage\":\"es\"},{\"@type\":\"Organization\",\"@id\":\"https:\/\/somoslajaulaestudio.es\/#organization\",\"name\":\"Somos la Jaula\",\"url\":\"https:\/\/somoslajaulaestudio.es\/\",\"logo\":{\"@type\":\"ImageObject\",\"inLanguage\":\"es\",\"@id\":\"https:\/\/somoslajaulaestudio.es\/#\/schema\/logo\/image\/\",\"url\":\"https:\/\/somoslajaulaestudio.es\/wp-content\/uploads\/2025\/10\/cropped-FAVICON-LA-JAULA.png\",\"contentUrl\":\"https:\/\/somoslajaulaestudio.es\/wp-content\/uploads\/2025\/10\/cropped-FAVICON-LA-JAULA.png\",\"width\":512,\"height\":512,\"caption\":\"Somos la Jaula\"},\"image\":{\"@id\":\"https:\/\/somoslajaulaestudio.es\/#\/schema\/logo\/image\/\"},\"sameAs\":[\"https:\/\/www.instagram.com\/somoslajaula\/\",\"https:\/\/www.youtube.com\/@somoslajaula\"]}]}<\/script>\n<!-- \/ Yoast SEO plugin. -->","yoast_head_json":{"title":"Audio - Somos la Jaula","description":"Audio - Somos la Jaula","robots":{"index":"index","follow":"follow","max-snippet":"max-snippet:-1","max-image-preview":"max-image-preview:large","max-video-preview":"max-video-preview:-1"},"canonical":"https:\/\/somoslajaulaestudio.es\/index.php\/audio\/","og_locale":"es_ES","og_type":"article","og_title":"Audio - Somos la Jaula","og_description":"Audio - Somos la Jaula","og_url":"https:\/\/somoslajaulaestudio.es\/index.php\/audio\/","og_site_name":"Somos la Jaula","article_modified_time":"2025-11-26T18:45:35+00:00","schema":{"@context":"https:\/\/schema.org","@graph":[{"@type":"WebPage","@id":"https:\/\/somoslajaulaestudio.es\/index.php\/audio\/","url":"https:\/\/somoslajaulaestudio.es\/index.php\/audio\/","name":"Audio - Somos la Jaula","isPartOf":{"@id":"https:\/\/somoslajaulaestudio.es\/#website"},"datePublished":"2025-10-09T17:41:08+00:00","dateModified":"2025-11-26T18:45:35+00:00","description":"Audio - Somos la Jaula","breadcrumb":{"@id":"https:\/\/somoslajaulaestudio.es\/index.php\/audio\/#breadcrumb"},"inLanguage":"es","potentialAction":[{"@type":"ReadAction","target":["https:\/\/somoslajaulaestudio.es\/index.php\/audio\/"]}]},{"@type":"BreadcrumbList","@id":"https:\/\/somoslajaulaestudio.es\/index.php\/audio\/#breadcrumb","itemListElement":[{"@type":"ListItem","position":1,"name":"Portada","item":"https:\/\/somoslajaulaestudio.es\/"},{"@type":"ListItem","position":2,"name":"Audio"}]},{"@type":"WebSite","@id":"https:\/\/somoslajaulaestudio.es\/#website","url":"https:\/\/somoslajaulaestudio.es\/","name":"Somos la Jaula","description":"Somos La Jaula: espacio creativo en Almer\u00eda para grabaciones de podcast, videoclips, m\u00fasica y fotograf\u00eda. Alquila estudios profesionales con equipo t\u00e9cnico incluido.","publisher":{"@id":"https:\/\/somoslajaulaestudio.es\/#organization"},"potentialAction":[{"@type":"SearchAction","target":{"@type":"EntryPoint","urlTemplate":"https:\/\/somoslajaulaestudio.es\/?s={search_term_string}"},"query-input":{"@type":"PropertyValueSpecification","valueRequired":true,"valueName":"search_term_string"}}],"inLanguage":"es"},{"@type":"Organization","@id":"https:\/\/somoslajaulaestudio.es\/#organization","name":"Somos la Jaula","url":"https:\/\/somoslajaulaestudio.es\/","logo":{"@type":"ImageObject","inLanguage":"es","@id":"https:\/\/somoslajaulaestudio.es\/#\/schema\/logo\/image\/","url":"https:\/\/somoslajaulaestudio.es\/wp-content\/uploads\/2025\/10\/cropped-FAVICON-LA-JAULA.png","contentUrl":"https:\/\/somoslajaulaestudio.es\/wp-content\/uploads\/2025\/10\/cropped-FAVICON-LA-JAULA.png","width":512,"height":512,"caption":"Somos la Jaula"},"image":{"@id":"https:\/\/somoslajaulaestudio.es\/#\/schema\/logo\/image\/"},"sameAs":["https:\/\/www.instagram.com\/somoslajaula\/","https:\/\/www.youtube.com\/@somoslajaula"]}]}},"jetpack_sharing_enabled":true,"_links":{"self":[{"href":"https:\/\/somoslajaulaestudio.es\/index.php\/wp-json\/wp\/v2\/pages\/58","targetHints":{"allow":["GET"]}}],"collection":[{"href":"https:\/\/somoslajaulaestudio.es\/index.php\/wp-json\/wp\/v2\/pages"}],"about":[{"href":"https:\/\/somoslajaulaestudio.es\/index.php\/wp-json\/wp\/v2\/types\/page"}],"author":[{"embeddable":true,"href":"https:\/\/somoslajaulaestudio.es\/index.php\/wp-json\/wp\/v2\/users\/1"}],"replies":[{"embeddable":true,"href":"https:\/\/somoslajaulaestudio.es\/index.php\/wp-json\/wp\/v2\/comments?post=58"}],"version-history":[{"count":9,"href":"https:\/\/somoslajaulaestudio.es\/index.php\/wp-json\/wp\/v2\/pages\/58\/revisions"}],"predecessor-version":[{"id":306,"href":"https:\/\/somoslajaulaestudio.es\/index.php\/wp-json\/wp\/v2\/pages\/58\/revisions\/306"}],"wp:attachment":[{"href":"https:\/\/somoslajaulaestudio.es\/index.php\/wp-json\/wp\/v2\/media?parent=58"}],"curies":[{"name":"wp","href":"https:\/\/api.w.org\/{rel}","templated":true}]}}