{"id":60,"date":"2025-10-09T17:41:26","date_gmt":"2025-10-09T17:41:26","guid":{"rendered":"https:\/\/somoslajaulaestudio.es\/?page_id=60"},"modified":"2025-11-26T19:01:58","modified_gmt":"2025-11-26T19:01:58","slug":"reserva","status":"publish","type":"page","link":"https:\/\/somoslajaulaestudio.es\/index.php\/reserva\/","title":{"rendered":"Reserva"},"content":{"rendered":"<p>[et_pb_section fb_built=\u00bb1&#8243; _builder_version=\u00bb4.27.4&#8243; _module_preset=\u00bbdefault\u00bb background_color=\u00bb#000000&#8243; da_disable_devices=\u00bboff|off|off\u00bb global_colors_info=\u00bb{}\u00bb da_is_popup=\u00bboff\u00bb da_exit_intent=\u00bboff\u00bb da_has_close=\u00bbon\u00bb da_alt_close=\u00bboff\u00bb da_dark_close=\u00bboff\u00bb da_not_modal=\u00bbon\u00bb da_is_singular=\u00bboff\u00bb da_with_loader=\u00bboff\u00bb da_has_shadow=\u00bbon\u00bb][et_pb_row _builder_version=\u00bb4.27.4&#8243; _module_preset=\u00bbdefault\u00bb global_colors_info=\u00bb{}\u00bb][et_pb_column type=\u00bb4_4&#8243; _builder_version=\u00bb4.27.4&#8243; _module_preset=\u00bbdefault\u00bb global_colors_info=\u00bb{}\u00bb][et_pb_heading title=\u00bbReserva tu espacio en La Jaula\u00bb _builder_version=\u00bb4.27.4&#8243; _module_preset=\u00bbdefault\u00bb animation_style=\u00bbslide\u00bb animation_direction=\u00bbleft\u00bb animation_delay=\u00bb200ms\u00bb animation_intensity_slide=\u00bb10%\u00bb global_colors_info=\u00bb{}\u00bb][\/et_pb_heading][\/et_pb_column][\/et_pb_row][et_pb_row _builder_version=\u00bb4.27.4&#8243; _module_preset=\u00bbdefault\u00bb global_colors_info=\u00bb{}\u00bb][et_pb_column type=\u00bb4_4&#8243; _builder_version=\u00bb4.27.4&#8243; _module_preset=\u00bbdefault\u00bb global_colors_info=\u00bb{}\u00bb][et_pb_text _builder_version=\u00bb4.27.4&#8243; _module_preset=\u00bbdefault\u00bb animation_style=\u00bbslide\u00bb animation_direction=\u00bbbottom\u00bb animation_delay=\u00bb200ms\u00bb animation_intensity_slide=\u00bb10%\u00bb global_colors_info=\u00bb{}\u00bb]<\/p>\n<p>Completa el formulario con los detalles de tu proyecto (fecha, horario, tipo de uso, equipo necesario\u2026).<\/p>\n<p><br data-start=\"799\" data-end=\"802\" \/>Nuestro equipo revisar\u00e1 tu solicitud y te confirmar\u00e1 la disponibilidad por correo electr\u00f3nico.<br data-start=\"896\" data-end=\"899\" \/>Recuerda: <strong data-start=\"909\" data-end=\"965\">la reserva no ser\u00e1 efectiva hasta que la confirmemos<\/strong>.<\/p>\n<p>[\/et_pb_text][\/et_pb_column][\/et_pb_row][et_pb_row _builder_version=\u00bb4.27.4&#8243; _module_preset=\u00bbdefault\u00bb global_colors_info=\u00bb{}\u00bb][et_pb_column type=\u00bb4_4&#8243; _builder_version=\u00bb4.27.4&#8243; _module_preset=\u00bbdefault\u00bb global_colors_info=\u00bb{}\u00bb][et_pb_contact_form captcha=\u00bboff\u00bb email=\u00bbSomoslajaula@gmail.com\u00bb custom_message=\u00bbNombre: %%Nombre%%||et_pb_line_break_holder||Email: %%Email%%||et_pb_line_break_holder||Tel\u00e9fono: %%Telefono%%||et_pb_line_break_holder||Solicita informaci\u00f3n acerca de: %%Info%%||et_pb_line_break_holder||||et_pb_line_break_holder||Mensaje: %%Mensaje%%\u00bb success_message=\u00bbTu mensaje se ha enviado con \u00e9xtio. \u00a1Gracias!\u00bb submit_button_text=\u00bbEnviar\u00bb _builder_version=\u00bb4.27.4&#8243; _module_preset=\u00bbdefault\u00bb _unique_id=\u00bb04d7f0a8-9f21-4939-a5b0-6fe163ebc698&#8243; form_field_background_color=\u00bb#000000&#8243; form_field_text_color=\u00bb#FFFFFF\u00bb form_field_focus_background_color=\u00bb#0f0f0f\u00bb form_field_focus_text_color=\u00bb#ffbf00&#8243; form_field_font=\u00bbPoppins|500|||||||\u00bb form_field_font_size=\u00bb16px\u00bb custom_button=\u00bbon\u00bb button_text_color=\u00bb#000000&#8243; button_bg_color=\u00bb#ffbf00&#8243; button_border_width=\u00bb0px\u00bb button_border_color=\u00bb#ffbf00&#8243; button_border_radius=\u00bb0px\u00bb button_font=\u00bbPoppins|500|||||||\u00bb button_icon=\u00bb&#x45;||divi||400&#8243; hover_enabled=\u00bb0&#8243; border_width_all=\u00bb2px\u00bb border_color_all=\u00bb#ffbf00&#8243; global_colors_info=\u00bb{}\u00bb button_text_color__hover_enabled=\u00bbon|desktop\u00bb button_text_color__hover=\u00bb#ffbf00&#8243; button_bg_color__hover_enabled=\u00bbon|hover\u00bb button_bg_color__hover=\u00bb#000000&#8243; button_bg_enable_color__hover=\u00bbon\u00bb animation_style=\u00bbslide\u00bb animation_direction=\u00bbbottom\u00bb animation_delay=\u00bb200ms\u00bb animation_intensity_slide=\u00bb10%\u00bb sticky_enabled=\u00bb0&#8243;][et_pb_contact_field field_id=\u00bbNombre\u00bb field_title=\u00bbNombre\u00bb fullwidth_field=\u00bbon\u00bb _builder_version=\u00bb4.27.4&#8243; _module_preset=\u00bbdefault\u00bb global_colors_info=\u00bb{}\u00bb][\/et_pb_contact_field][et_pb_contact_field field_id=\u00bbEmail\u00bb field_title=\u00bbEmail\u00bb field_type=\u00bbemail\u00bb fullwidth_field=\u00bbon\u00bb _builder_version=\u00bb4.27.4&#8243; _module_preset=\u00bbdefault\u00bb global_colors_info=\u00bb{}\u00bb][\/et_pb_contact_field][et_pb_contact_field field_id=\u00bbTelefono\u00bb field_title=\u00bbTel\u00e9fono\u00bb allowed_symbols=\u00bbalphanumeric\u00bb required_mark=\u00bboff\u00bb fullwidth_field=\u00bbon\u00bb _builder_version=\u00bb4.27.4&#8243; _module_preset=\u00bbdefault\u00bb global_colors_info=\u00bb{}\u00bb][\/et_pb_contact_field][et_pb_contact_field field_id=\u00bbInfo\u00bb field_title=\u00bb\u00bfAcerca de qu\u00e9 servicio deseas recibir informaci\u00f3n?\u00bb field_type=\u00bbselect\u00bb select_options=\u00bb%91{%22value%22:%22acerca de Media%22,%22checked%22:0,%22dragID%22:-1},{%22value%22:%22acerca de Audio%22,%22checked%22:0,%22dragID%22:0}%93&#8243; required_mark=\u00bboff\u00bb fullwidth_field=\u00bbon\u00bb _builder_version=\u00bb4.27.4&#8243; _module_preset=\u00bbdefault\u00bb global_colors_info=\u00bb{}\u00bb][\/et_pb_contact_field][et_pb_contact_field field_id=\u00bbMensaje\u00bb field_title=\u00bbMensaje\u00bb field_type=\u00bbtext\u00bb fullwidth_field=\u00bbon\u00bb _builder_version=\u00bb4.27.4&#8243; global_colors_info=\u00bb{}\u00bb button_text_size__hover_enabled=\u00bboff\u00bb button_one_text_size__hover_enabled=\u00bboff\u00bb button_two_text_size__hover_enabled=\u00bboff\u00bb button_text_color__hover_enabled=\u00bboff\u00bb button_one_text_color__hover_enabled=\u00bboff\u00bb button_two_text_color__hover_enabled=\u00bboff\u00bb button_border_width__hover_enabled=\u00bboff\u00bb button_one_border_width__hover_enabled=\u00bboff\u00bb button_two_border_width__hover_enabled=\u00bboff\u00bb button_border_color__hover_enabled=\u00bboff\u00bb button_one_border_color__hover_enabled=\u00bboff\u00bb button_two_border_color__hover_enabled=\u00bboff\u00bb button_border_radius__hover_enabled=\u00bboff\u00bb button_one_border_radius__hover_enabled=\u00bboff\u00bb button_two_border_radius__hover_enabled=\u00bboff\u00bb button_letter_spacing__hover_enabled=\u00bboff\u00bb button_one_letter_spacing__hover_enabled=\u00bboff\u00bb button_two_letter_spacing__hover_enabled=\u00bboff\u00bb button_bg_color__hover_enabled=\u00bboff\u00bb button_one_bg_color__hover_enabled=\u00bboff\u00bb button_two_bg_color__hover_enabled=\u00bboff\u00bb][\/et_pb_contact_field][et_pb_contact_field field_id=\u00bbAceptacion\u00bb field_title=\u00bb \u00bb field_type=\u00bbcheckbox\u00bb checkbox_options=\u00bb%91{%22value%22:%22He le\u00eddo y acepto la %22,%22checked%22:0,%22dragID%22:-1,%22link_url%22:%22https:\/\/somoslajaulaestudio.es\/index.php\/politica-de-privacidad\/%22,%22link_text%22:%22Pol\u00edtica de Privacidad%22},{%22value%22:%22He le\u00eddo y acepto la %22,%22checked%22:0,%22dragID%22:0,%22link_url%22:%22https:\/\/somoslajaulaestudio.es\/index.php\/politica-de-cookies\/%22,%22link_text%22:%22Pol\u00edtica de Cookies%22}%93&#8243; fullwidth_field=\u00bbon\u00bb _builder_version=\u00bb4.27.4&#8243; _module_preset=\u00bbdefault\u00bb global_colors_info=\u00bb{}\u00bb][\/et_pb_contact_field][\/et_pb_contact_form][\/et_pb_column][\/et_pb_row][\/et_pb_section]<\/p>\n","protected":false},"excerpt":{"rendered":"<p>Completa el formulario con los detalles de tu proyecto (fecha, horario, tipo de uso, equipo necesario\u2026). Nuestro equipo revisar\u00e1 tu solicitud y te confirmar\u00e1 la disponibilidad por correo electr\u00f3nico.Recuerda: la reserva no ser\u00e1 efectiva hasta que la confirmemos.<\/p>\n","protected":false},"author":1,"featured_media":0,"parent":0,"menu_order":0,"comment_status":"closed","ping_status":"closed","template":"","meta":{"_et_pb_use_builder":"on","_et_pb_old_content":"","_et_gb_content_width":"","footnotes":""},"class_list":["post-60","page","type-page","status-publish","hentry"],"yoast_head":"<!-- This site is optimized with the Yoast SEO plugin v26.4 - https:\/\/yoast.com\/wordpress\/plugins\/seo\/ -->\n<title>Reserva - Somos la Jaula<\/title>\n<meta name=\"description\" content=\"Reserva - Somos la Jaula\" \/>\n<meta name=\"robots\" content=\"index, follow, max-snippet:-1, max-image-preview:large, max-video-preview:-1\" \/>\n<link rel=\"canonical\" href=\"https:\/\/somoslajaulaestudio.es\/index.php\/reserva\/\" \/>\n<meta property=\"og:locale\" content=\"es_ES\" \/>\n<meta property=\"og:type\" content=\"article\" \/>\n<meta property=\"og:title\" content=\"Reserva - Somos la Jaula\" \/>\n<meta property=\"og:description\" content=\"Reserva - Somos la Jaula\" \/>\n<meta property=\"og:url\" content=\"https:\/\/somoslajaulaestudio.es\/index.php\/reserva\/\" \/>\n<meta property=\"og:site_name\" content=\"Somos la Jaula\" \/>\n<meta property=\"article:modified_time\" content=\"2025-11-26T19:01:58+00:00\" \/>\n<script type=\"application\/ld+json\" class=\"yoast-schema-graph\">{\"@context\":\"https:\/\/schema.org\",\"@graph\":[{\"@type\":\"WebPage\",\"@id\":\"https:\/\/somoslajaulaestudio.es\/index.php\/reserva\/\",\"url\":\"https:\/\/somoslajaulaestudio.es\/index.php\/reserva\/\",\"name\":\"Reserva - Somos la Jaula\",\"isPartOf\":{\"@id\":\"https:\/\/somoslajaulaestudio.es\/#website\"},\"datePublished\":\"2025-10-09T17:41:26+00:00\",\"dateModified\":\"2025-11-26T19:01:58+00:00\",\"description\":\"Reserva - Somos la Jaula\",\"breadcrumb\":{\"@id\":\"https:\/\/somoslajaulaestudio.es\/index.php\/reserva\/#breadcrumb\"},\"inLanguage\":\"es\",\"potentialAction\":[{\"@type\":\"ReadAction\",\"target\":[\"https:\/\/somoslajaulaestudio.es\/index.php\/reserva\/\"]}]},{\"@type\":\"BreadcrumbList\",\"@id\":\"https:\/\/somoslajaulaestudio.es\/index.php\/reserva\/#breadcrumb\",\"itemListElement\":[{\"@type\":\"ListItem\",\"position\":1,\"name\":\"Portada\",\"item\":\"https:\/\/somoslajaulaestudio.es\/\"},{\"@type\":\"ListItem\",\"position\":2,\"name\":\"Reserva\"}]},{\"@type\":\"WebSite\",\"@id\":\"https:\/\/somoslajaulaestudio.es\/#website\",\"url\":\"https:\/\/somoslajaulaestudio.es\/\",\"name\":\"Somos la Jaula\",\"description\":\"Somos La Jaula: espacio creativo en Almer\u00eda para grabaciones de podcast, videoclips, m\u00fasica y fotograf\u00eda. Alquila estudios profesionales con equipo t\u00e9cnico incluido.\",\"publisher\":{\"@id\":\"https:\/\/somoslajaulaestudio.es\/#organization\"},\"potentialAction\":[{\"@type\":\"SearchAction\",\"target\":{\"@type\":\"EntryPoint\",\"urlTemplate\":\"https:\/\/somoslajaulaestudio.es\/?s={search_term_string}\"},\"query-input\":{\"@type\":\"PropertyValueSpecification\",\"valueRequired\":true,\"valueName\":\"search_term_string\"}}],\"inLanguage\":\"es\"},{\"@type\":\"Organization\",\"@id\":\"https:\/\/somoslajaulaestudio.es\/#organization\",\"name\":\"Somos la Jaula\",\"url\":\"https:\/\/somoslajaulaestudio.es\/\",\"logo\":{\"@type\":\"ImageObject\",\"inLanguage\":\"es\",\"@id\":\"https:\/\/somoslajaulaestudio.es\/#\/schema\/logo\/image\/\",\"url\":\"https:\/\/somoslajaulaestudio.es\/wp-content\/uploads\/2025\/10\/cropped-FAVICON-LA-JAULA.png\",\"contentUrl\":\"https:\/\/somoslajaulaestudio.es\/wp-content\/uploads\/2025\/10\/cropped-FAVICON-LA-JAULA.png\",\"width\":512,\"height\":512,\"caption\":\"Somos la Jaula\"},\"image\":{\"@id\":\"https:\/\/somoslajaulaestudio.es\/#\/schema\/logo\/image\/\"},\"sameAs\":[\"https:\/\/www.instagram.com\/somoslajaula\/\",\"https:\/\/www.youtube.com\/@somoslajaula\"]}]}<\/script>\n<!-- \/ Yoast SEO plugin. -->","yoast_head_json":{"title":"Reserva - Somos la Jaula","description":"Reserva - Somos la Jaula","robots":{"index":"index","follow":"follow","max-snippet":"max-snippet:-1","max-image-preview":"max-image-preview:large","max-video-preview":"max-video-preview:-1"},"canonical":"https:\/\/somoslajaulaestudio.es\/index.php\/reserva\/","og_locale":"es_ES","og_type":"article","og_title":"Reserva - Somos la Jaula","og_description":"Reserva - Somos la Jaula","og_url":"https:\/\/somoslajaulaestudio.es\/index.php\/reserva\/","og_site_name":"Somos la Jaula","article_modified_time":"2025-11-26T19:01:58+00:00","schema":{"@context":"https:\/\/schema.org","@graph":[{"@type":"WebPage","@id":"https:\/\/somoslajaulaestudio.es\/index.php\/reserva\/","url":"https:\/\/somoslajaulaestudio.es\/index.php\/reserva\/","name":"Reserva - Somos la Jaula","isPartOf":{"@id":"https:\/\/somoslajaulaestudio.es\/#website"},"datePublished":"2025-10-09T17:41:26+00:00","dateModified":"2025-11-26T19:01:58+00:00","description":"Reserva - Somos la Jaula","breadcrumb":{"@id":"https:\/\/somoslajaulaestudio.es\/index.php\/reserva\/#breadcrumb"},"inLanguage":"es","potentialAction":[{"@type":"ReadAction","target":["https:\/\/somoslajaulaestudio.es\/index.php\/reserva\/"]}]},{"@type":"BreadcrumbList","@id":"https:\/\/somoslajaulaestudio.es\/index.php\/reserva\/#breadcrumb","itemListElement":[{"@type":"ListItem","position":1,"name":"Portada","item":"https:\/\/somoslajaulaestudio.es\/"},{"@type":"ListItem","position":2,"name":"Reserva"}]},{"@type":"WebSite","@id":"https:\/\/somoslajaulaestudio.es\/#website","url":"https:\/\/somoslajaulaestudio.es\/","name":"Somos la Jaula","description":"Somos La Jaula: espacio creativo en Almer\u00eda para grabaciones de podcast, videoclips, m\u00fasica y fotograf\u00eda. Alquila estudios profesionales con equipo t\u00e9cnico incluido.","publisher":{"@id":"https:\/\/somoslajaulaestudio.es\/#organization"},"potentialAction":[{"@type":"SearchAction","target":{"@type":"EntryPoint","urlTemplate":"https:\/\/somoslajaulaestudio.es\/?s={search_term_string}"},"query-input":{"@type":"PropertyValueSpecification","valueRequired":true,"valueName":"search_term_string"}}],"inLanguage":"es"},{"@type":"Organization","@id":"https:\/\/somoslajaulaestudio.es\/#organization","name":"Somos la Jaula","url":"https:\/\/somoslajaulaestudio.es\/","logo":{"@type":"ImageObject","inLanguage":"es","@id":"https:\/\/somoslajaulaestudio.es\/#\/schema\/logo\/image\/","url":"https:\/\/somoslajaulaestudio.es\/wp-content\/uploads\/2025\/10\/cropped-FAVICON-LA-JAULA.png","contentUrl":"https:\/\/somoslajaulaestudio.es\/wp-content\/uploads\/2025\/10\/cropped-FAVICON-LA-JAULA.png","width":512,"height":512,"caption":"Somos la Jaula"},"image":{"@id":"https:\/\/somoslajaulaestudio.es\/#\/schema\/logo\/image\/"},"sameAs":["https:\/\/www.instagram.com\/somoslajaula\/","https:\/\/www.youtube.com\/@somoslajaula"]}]}},"jetpack_sharing_enabled":true,"_links":{"self":[{"href":"https:\/\/somoslajaulaestudio.es\/index.php\/wp-json\/wp\/v2\/pages\/60","targetHints":{"allow":["GET"]}}],"collection":[{"href":"https:\/\/somoslajaulaestudio.es\/index.php\/wp-json\/wp\/v2\/pages"}],"about":[{"href":"https:\/\/somoslajaulaestudio.es\/index.php\/wp-json\/wp\/v2\/types\/page"}],"author":[{"embeddable":true,"href":"https:\/\/somoslajaulaestudio.es\/index.php\/wp-json\/wp\/v2\/users\/1"}],"replies":[{"embeddable":true,"href":"https:\/\/somoslajaulaestudio.es\/index.php\/wp-json\/wp\/v2\/comments?post=60"}],"version-history":[{"count":10,"href":"https:\/\/somoslajaulaestudio.es\/index.php\/wp-json\/wp\/v2\/pages\/60\/revisions"}],"predecessor-version":[{"id":317,"href":"https:\/\/somoslajaulaestudio.es\/index.php\/wp-json\/wp\/v2\/pages\/60\/revisions\/317"}],"wp:attachment":[{"href":"https:\/\/somoslajaulaestudio.es\/index.php\/wp-json\/wp\/v2\/media?parent=60"}],"curies":[{"name":"wp","href":"https:\/\/api.w.org\/{rel}","templated":true}]}}