{"id":66,"date":"2025-10-09T17:42:29","date_gmt":"2025-10-09T17:42:29","guid":{"rendered":"https:\/\/somoslajaulaestudio.es\/?page_id=66"},"modified":"2025-10-31T11:52:16","modified_gmt":"2025-10-31T11:52:16","slug":"politica-de-privacidad","status":"publish","type":"page","link":"https:\/\/somoslajaulaestudio.es\/index.php\/politica-de-privacidad\/","title":{"rendered":"Pol\u00edtica de Privacidad"},"content":{"rendered":"<p>[et_pb_section fb_built=\u00bb1&#8243; _builder_version=\u00bb4.27.4&#8243; _module_preset=\u00bbdefault\u00bb background_color=\u00bb#000000&#8243; global_colors_info=\u00bb{}\u00bb][et_pb_row _builder_version=\u00bb4.27.4&#8243; _module_preset=\u00bbdefault\u00bb global_colors_info=\u00bb{}\u00bb][et_pb_column type=\u00bb4_4&#8243; _builder_version=\u00bb4.27.4&#8243; _module_preset=\u00bbdefault\u00bb global_colors_info=\u00bb{}\u00bb][et_pb_heading title=\u00bbPol\u00edtica de Privacidad\u00bb _builder_version=\u00bb4.27.4&#8243; _module_preset=\u00bbdefault\u00bb global_colors_info=\u00bb{}\u00bb][\/et_pb_heading][\/et_pb_column][\/et_pb_row][et_pb_row _builder_version=\u00bb4.27.4&#8243; _module_preset=\u00bbdefault\u00bb global_colors_info=\u00bb{}\u00bb][et_pb_column type=\u00bb4_4&#8243; _builder_version=\u00bb4.27.4&#8243; _module_preset=\u00bbdefault\u00bb global_colors_info=\u00bb{}\u00bb][et_pb_heading title=\u00bb1. Identidad del responsable del tratamiento\u00bb _builder_version=\u00bb4.27.4&#8243; _module_preset=\u00bbdefault\u00bb title_level=\u00bbh2&#8243; title_font=\u00bbPoppins|600|||||||\u00bb title_font_size=\u00bb20px\u00bb global_colors_info=\u00bb{}\u00bb][\/et_pb_heading][et_pb_text _builder_version=\u00bb4.27.4&#8243; _module_preset=\u00bbdefault\u00bb global_colors_info=\u00bb{}\u00bb]<\/p>\n<p>De acuerdo con lo dispuesto en la normativa vigente sobre protecci\u00f3n de datos personales, te informamos de que los datos que nos facilites a trav\u00e9s de esta web ser\u00e1n tratados por:<\/p>\n<p><strong>Titular:<\/strong> La Jaula Espacio Creativo<br \/><strong>Actividad:<\/strong> Estudio de grabaci\u00f3n y espacio creativo y de producci\u00f3n audiovisual y musical<br \/><strong>Correo electr\u00f3nico de contacto:<\/strong> <a href=\"mailto:somoslajaula@gmail.com\">somoslajaula@gmail.com<\/a><br \/><strong>Direcci\u00f3n:<\/strong> C. Benizal\u00f3n 12, 04007 Almer\u00eda<\/p>\n<p>[\/et_pb_text][\/et_pb_column][\/et_pb_row][et_pb_row _builder_version=\u00bb4.27.4&#8243; _module_preset=\u00bbdefault\u00bb global_colors_info=\u00bb{}\u00bb][et_pb_column type=\u00bb4_4&#8243; _builder_version=\u00bb4.27.4&#8243; _module_preset=\u00bbdefault\u00bb global_colors_info=\u00bb{}\u00bb][et_pb_heading title=\u00bb2. Finalidad del tratamiento de los datos\u00bb _builder_version=\u00bb4.27.4&#8243; _module_preset=\u00bbdefault\u00bb title_level=\u00bbh2&#8243; title_font=\u00bbPoppins|600|||||||\u00bb title_font_size=\u00bb20px\u00bb global_colors_info=\u00bb{}\u00bb][\/et_pb_heading][et_pb_text _builder_version=\u00bb4.27.4&#8243; _module_preset=\u00bbdefault\u00bb global_colors_info=\u00bb{}\u00bb]<\/p>\n<p>En <strong>La Jaula<\/strong> tratamos la informaci\u00f3n que nos proporcionas con las siguientes finalidades:<\/p>\n<ul>\n<li>Gestionar solicitudes de informaci\u00f3n, presupuestos o reservas realizadas a trav\u00e9s del sitio web.<\/li>\n<li>Facilitar la comunicaci\u00f3n con clientes, colaboradores o interesados en nuestros servicios.<\/li>\n<li>Enviar informaci\u00f3n comercial sobre nuestros servicios o actividades creativas, siempre que hayas dado tu consentimiento expreso.<\/li>\n<li>Mejorar la experiencia del usuario y la gesti\u00f3n interna de la web.<\/li>\n<\/ul>\n<p>Tus datos no se utilizar\u00e1n con finalidades distintas a las aqu\u00ed descritas.<\/p>\n<p>[\/et_pb_text][\/et_pb_column][\/et_pb_row][et_pb_row _builder_version=\u00bb4.27.4&#8243; _module_preset=\u00bbdefault\u00bb global_colors_info=\u00bb{}\u00bb][et_pb_column type=\u00bb4_4&#8243; _builder_version=\u00bb4.27.4&#8243; _module_preset=\u00bbdefault\u00bb global_colors_info=\u00bb{}\u00bb][et_pb_heading title=\u00bb3. Legitimaci\u00f3n del tratamiento\u00bb _builder_version=\u00bb4.27.4&#8243; _module_preset=\u00bbdefault\u00bb title_level=\u00bbh2&#8243; title_font=\u00bbPoppins|600|||||||\u00bb title_font_size=\u00bb20px\u00bb global_colors_info=\u00bb{}\u00bb][\/et_pb_heading][et_pb_text _builder_version=\u00bb4.27.4&#8243; _module_preset=\u00bbdefault\u00bb global_colors_info=\u00bb{}\u00bb]<\/p>\n<p>El tratamiento de tus datos personales se basa en una o varias de las siguientes bases legales:<\/p>\n<ul>\n<li><strong>Consentimiento expreso<\/strong> del interesado al completar los formularios de contacto o suscripci\u00f3n.<\/li>\n<li><strong>Ejecuci\u00f3n de un contrato<\/strong> o prestaci\u00f3n de servicios solicitada por el usuario.<\/li>\n<li><strong>Cumplimiento de obligaciones legales<\/strong> aplicables a <strong>La Jaula<\/strong>.<\/li>\n<li><strong>Inter\u00e9s leg\u00edtimo<\/strong> para mejorar nuestros servicios y atenci\u00f3n al cliente.<\/li>\n<\/ul>\n<p>[\/et_pb_text][\/et_pb_column][\/et_pb_row][et_pb_row _builder_version=\u00bb4.27.4&#8243; _module_preset=\u00bbdefault\u00bb global_colors_info=\u00bb{}\u00bb][et_pb_column type=\u00bb4_4&#8243; _builder_version=\u00bb4.27.4&#8243; _module_preset=\u00bbdefault\u00bb global_colors_info=\u00bb{}\u00bb][et_pb_heading title=\u00bb4. Conservaci\u00f3n de los datos\u00bb _builder_version=\u00bb4.27.4&#8243; _module_preset=\u00bbdefault\u00bb title_level=\u00bbh2&#8243; title_font=\u00bbPoppins|600|||||||\u00bb title_font_size=\u00bb20px\u00bb global_colors_info=\u00bb{}\u00bb][\/et_pb_heading][et_pb_text _builder_version=\u00bb4.27.4&#8243; _module_preset=\u00bbdefault\u00bb global_colors_info=\u00bb{}\u00bb]<\/p>\n<p>Los datos personales se conservar\u00e1n mientras exista una relaci\u00f3n comercial o de servicio con el usuario y durante el tiempo necesario para cumplir con las obligaciones legales.<\/p>\n<p>Cuando dejen de ser necesarios, ser\u00e1n bloqueados y eliminados de forma segura.<\/p>\n<p>[\/et_pb_text][\/et_pb_column][\/et_pb_row][et_pb_row _builder_version=\u00bb4.27.4&#8243; _module_preset=\u00bbdefault\u00bb global_colors_info=\u00bb{}\u00bb][et_pb_column type=\u00bb4_4&#8243; _builder_version=\u00bb4.27.4&#8243; _module_preset=\u00bbdefault\u00bb global_colors_info=\u00bb{}\u00bb][et_pb_heading title=\u00bb5. Comunicaci\u00f3n de datos a terceros\u00bb _builder_version=\u00bb4.27.4&#8243; _module_preset=\u00bbdefault\u00bb title_level=\u00bbh2&#8243; title_font=\u00bbPoppins|600|||||||\u00bb title_font_size=\u00bb20px\u00bb global_colors_info=\u00bb{}\u00bb][\/et_pb_heading][et_pb_text _builder_version=\u00bb4.27.4&#8243; _module_preset=\u00bbdefault\u00bb global_colors_info=\u00bb{}\u00bb]<\/p>\n<p><strong>La Jaula<\/strong> no ceder\u00e1 tus datos personales a terceros, salvo obligaci\u00f3n legal o cuando sea imprescindible para la correcta prestaci\u00f3n de un servicio (por ejemplo, empresas de hosting, servicios administrativos o soporte t\u00e9cnico), con las que se mantendr\u00e1n los contratos de confidencialidad y cumplimiento del <strong>RGPD<\/strong>.<\/p>\n<p>[\/et_pb_text][\/et_pb_column][\/et_pb_row][et_pb_row _builder_version=\u00bb4.27.4&#8243; _module_preset=\u00bbdefault\u00bb global_colors_info=\u00bb{}\u00bb][et_pb_column type=\u00bb4_4&#8243; _builder_version=\u00bb4.27.4&#8243; _module_preset=\u00bbdefault\u00bb global_colors_info=\u00bb{}\u00bb][et_pb_heading title=\u00bb6. Derechos del usuario\u00bb _builder_version=\u00bb4.27.4&#8243; _module_preset=\u00bbdefault\u00bb title_level=\u00bbh2&#8243; title_font=\u00bbPoppins|600|||||||\u00bb title_font_size=\u00bb20px\u00bb global_colors_info=\u00bb{}\u00bb][\/et_pb_heading][et_pb_text _builder_version=\u00bb4.27.4&#8243; _module_preset=\u00bbdefault\u00bb global_colors_info=\u00bb{}\u00bb]<\/p>\n<p>Tienes derecho a:<\/p>\n<ul>\n<li>Acceder a tus datos personales.<\/li>\n<li>Solicitar su rectificaci\u00f3n si son inexactos.<\/li>\n<li>Solicitar su supresi\u00f3n cuando ya no sean necesarios.<\/li>\n<li>Limitar u oponerte a su tratamiento.<br \/>Solicitar la portabilidad de tus datos.<\/li>\n<\/ul>\n<p>Podr\u00e1s ejercer estos derechos enviando un correo electr\u00f3nico a <a href=\"mailto:somoslajaula@gmail.com\">somoslajaula@gmail.com<\/a>, indicando el derecho que deseas ejercer y adjuntando una copia de tu documento de identidad.<\/p>\n<p>Asimismo, podr\u00e1s presentar una reclamaci\u00f3n ante la <strong>Agencia Espa\u00f1ola de Protecci\u00f3n de Datos (www.aepd.es)<\/strong> si consideras que el tratamiento de tus datos no cumple con la normativa.<\/p>\n<p>[\/et_pb_text][\/et_pb_column][\/et_pb_row][et_pb_row _builder_version=\u00bb4.27.4&#8243; _module_preset=\u00bbdefault\u00bb global_colors_info=\u00bb{}\u00bb][et_pb_column type=\u00bb4_4&#8243; _builder_version=\u00bb4.27.4&#8243; _module_preset=\u00bbdefault\u00bb global_colors_info=\u00bb{}\u00bb][et_pb_heading title=\u00bb7. Medidas de seguridad\u00bb _builder_version=\u00bb4.27.4&#8243; _module_preset=\u00bbdefault\u00bb title_level=\u00bbh2&#8243; title_font=\u00bbPoppins|600|||||||\u00bb title_font_size=\u00bb20px\u00bb global_colors_info=\u00bb{}\u00bb][\/et_pb_heading][et_pb_text _builder_version=\u00bb4.27.4&#8243; _module_preset=\u00bbdefault\u00bb global_colors_info=\u00bb{}\u00bb]<\/p>\n<p><strong>La Jaula<\/strong> aplica las medidas t\u00e9cnicas y organizativas necesarias para garantizar la confidencialidad, integridad y disponibilidad de los datos personales, evitando su alteraci\u00f3n, p\u00e9rdida o acceso no autorizado.<\/p>\n<p>[\/et_pb_text][\/et_pb_column][\/et_pb_row][et_pb_row _builder_version=\u00bb4.27.4&#8243; _module_preset=\u00bbdefault\u00bb global_colors_info=\u00bb{}\u00bb][et_pb_column type=\u00bb4_4&#8243; _builder_version=\u00bb4.27.4&#8243; _module_preset=\u00bbdefault\u00bb global_colors_info=\u00bb{}\u00bb][et_pb_heading title=\u00bb8. Uso de cookies\u00bb _builder_version=\u00bb4.27.4&#8243; _module_preset=\u00bbdefault\u00bb title_level=\u00bbh2&#8243; title_font=\u00bbPoppins|600|||||||\u00bb title_font_size=\u00bb20px\u00bb global_colors_info=\u00bb{}\u00bb][\/et_pb_heading][et_pb_text _builder_version=\u00bb4.27.4&#8243; _module_preset=\u00bbdefault\u00bb global_colors_info=\u00bb{}\u00bb]<\/p>\n<p>Este sitio web puede utilizar cookies t\u00e9cnicas, de an\u00e1lisis o de personalizaci\u00f3n para mejorar la experiencia de navegaci\u00f3n.<\/p>\n<p>Puedes consultar m\u00e1s informaci\u00f3n en nuestra <a href=\"https:\/\/somoslajaulaestudio.es\/index.php\/politica-de-cookies\/\">Pol\u00edtica de Cookies<\/a>.<\/p>\n<p>[\/et_pb_text][\/et_pb_column][\/et_pb_row][et_pb_row _builder_version=\u00bb4.27.4&#8243; _module_preset=\u00bbdefault\u00bb global_colors_info=\u00bb{}\u00bb][et_pb_column type=\u00bb4_4&#8243; _builder_version=\u00bb4.27.4&#8243; _module_preset=\u00bbdefault\u00bb global_colors_info=\u00bb{}\u00bb][et_pb_heading title=\u00bb9. Menores de edad\u00bb _builder_version=\u00bb4.27.4&#8243; _module_preset=\u00bbdefault\u00bb title_level=\u00bbh2&#8243; title_font=\u00bbPoppins|600|||||||\u00bb title_font_size=\u00bb20px\u00bb global_colors_info=\u00bb{}\u00bb][\/et_pb_heading][et_pb_text _builder_version=\u00bb4.27.4&#8243; _module_preset=\u00bbdefault\u00bb global_colors_info=\u00bb{}\u00bb]<\/p>\n<p>Los servicios y contenidos de <strong>La Jaula<\/strong> est\u00e1n dirigidos a mayores de 18 a\u00f1os. En caso de que se recopilen datos de menores, se requerir\u00e1 el consentimiento previo de sus padres o tutores legales.<\/p>\n<p>[\/et_pb_text][\/et_pb_column][\/et_pb_row][et_pb_row _builder_version=\u00bb4.27.4&#8243; _module_preset=\u00bbdefault\u00bb global_colors_info=\u00bb{}\u00bb][et_pb_column type=\u00bb4_4&#8243; _builder_version=\u00bb4.27.4&#8243; _module_preset=\u00bbdefault\u00bb global_colors_info=\u00bb{}\u00bb][et_pb_heading title=\u00bb10. Cambios en la pol\u00edtica de privacidad\u00bb _builder_version=\u00bb4.27.4&#8243; _module_preset=\u00bbdefault\u00bb title_level=\u00bbh2&#8243; title_font=\u00bbPoppins|600|||||||\u00bb title_font_size=\u00bb20px\u00bb global_colors_info=\u00bb{}\u00bb][\/et_pb_heading][et_pb_text _builder_version=\u00bb4.27.4&#8243; _module_preset=\u00bbdefault\u00bb hover_enabled=\u00bb0&#8243; global_colors_info=\u00bb{}\u00bb sticky_enabled=\u00bb0&#8243;]<\/p>\n<p><strong>La Jaula<\/strong> se reserva el derecho de modificar esta <strong>Pol\u00edtica de Privacidad<\/strong> en cualquier momento, para adaptarla a novedades legislativas o cambios en la actividad del proyecto.<\/p>\n<p>Las versiones actualizadas estar\u00e1n siempre disponibles en <strong>nuestra web<\/strong>.<\/p>\n<p>[\/et_pb_text][\/et_pb_column][\/et_pb_row][\/et_pb_section]<\/p>\n","protected":false},"excerpt":{"rendered":"<p>De acuerdo con lo dispuesto en la normativa vigente sobre protecci\u00f3n de datos personales, te informamos de que los datos que nos facilites a trav\u00e9s de esta web ser\u00e1n tratados por: Titular: La Jaula Espacio CreativoActividad: Estudio de grabaci\u00f3n y espacio creativo y de producci\u00f3n audiovisual y musicalCorreo electr\u00f3nico de contacto: somoslajaula@gmail.comDirecci\u00f3n: C. Benizal\u00f3n 12, [&hellip;]<\/p>\n","protected":false},"author":1,"featured_media":0,"parent":0,"menu_order":0,"comment_status":"closed","ping_status":"closed","template":"","meta":{"_et_pb_use_builder":"on","_et_pb_old_content":"","_et_gb_content_width":"","footnotes":""},"class_list":["post-66","page","type-page","status-publish","hentry"],"yoast_head":"<!-- This site is optimized with the Yoast SEO plugin v26.4 - https:\/\/yoast.com\/wordpress\/plugins\/seo\/ -->\n<title>Pol\u00edtica de Privacidad - Somos la Jaula<\/title>\n<meta name=\"description\" content=\"Pol\u00edtica de Privacidad - Somos la Jaula\" \/>\n<meta name=\"robots\" content=\"index, follow, max-snippet:-1, max-image-preview:large, max-video-preview:-1\" \/>\n<link rel=\"canonical\" href=\"https:\/\/somoslajaulaestudio.es\/index.php\/politica-de-privacidad\/\" \/>\n<meta property=\"og:locale\" content=\"es_ES\" \/>\n<meta property=\"og:type\" content=\"article\" \/>\n<meta property=\"og:title\" content=\"Pol\u00edtica de Privacidad - Somos la Jaula\" \/>\n<meta property=\"og:description\" content=\"Pol\u00edtica de Privacidad - Somos la Jaula\" \/>\n<meta property=\"og:url\" content=\"https:\/\/somoslajaulaestudio.es\/index.php\/politica-de-privacidad\/\" \/>\n<meta property=\"og:site_name\" content=\"Somos la Jaula\" \/>\n<meta property=\"article:modified_time\" content=\"2025-10-31T11:52:16+00:00\" \/>\n<script type=\"application\/ld+json\" class=\"yoast-schema-graph\">{\"@context\":\"https:\/\/schema.org\",\"@graph\":[{\"@type\":\"WebPage\",\"@id\":\"https:\/\/somoslajaulaestudio.es\/index.php\/politica-de-privacidad\/\",\"url\":\"https:\/\/somoslajaulaestudio.es\/index.php\/politica-de-privacidad\/\",\"name\":\"Pol\u00edtica de Privacidad - Somos la Jaula\",\"isPartOf\":{\"@id\":\"https:\/\/somoslajaulaestudio.es\/#website\"},\"datePublished\":\"2025-10-09T17:42:29+00:00\",\"dateModified\":\"2025-10-31T11:52:16+00:00\",\"description\":\"Pol\u00edtica de Privacidad - Somos la Jaula\",\"breadcrumb\":{\"@id\":\"https:\/\/somoslajaulaestudio.es\/index.php\/politica-de-privacidad\/#breadcrumb\"},\"inLanguage\":\"es\",\"potentialAction\":[{\"@type\":\"ReadAction\",\"target\":[\"https:\/\/somoslajaulaestudio.es\/index.php\/politica-de-privacidad\/\"]}]},{\"@type\":\"BreadcrumbList\",\"@id\":\"https:\/\/somoslajaulaestudio.es\/index.php\/politica-de-privacidad\/#breadcrumb\",\"itemListElement\":[{\"@type\":\"ListItem\",\"position\":1,\"name\":\"Portada\",\"item\":\"https:\/\/somoslajaulaestudio.es\/\"},{\"@type\":\"ListItem\",\"position\":2,\"name\":\"Pol\u00edtica de Privacidad\"}]},{\"@type\":\"WebSite\",\"@id\":\"https:\/\/somoslajaulaestudio.es\/#website\",\"url\":\"https:\/\/somoslajaulaestudio.es\/\",\"name\":\"Somos la Jaula\",\"description\":\"Somos La Jaula: espacio creativo en Almer\u00eda para grabaciones de podcast, videoclips, m\u00fasica y fotograf\u00eda. Alquila estudios profesionales con equipo t\u00e9cnico incluido.\",\"publisher\":{\"@id\":\"https:\/\/somoslajaulaestudio.es\/#organization\"},\"potentialAction\":[{\"@type\":\"SearchAction\",\"target\":{\"@type\":\"EntryPoint\",\"urlTemplate\":\"https:\/\/somoslajaulaestudio.es\/?s={search_term_string}\"},\"query-input\":{\"@type\":\"PropertyValueSpecification\",\"valueRequired\":true,\"valueName\":\"search_term_string\"}}],\"inLanguage\":\"es\"},{\"@type\":\"Organization\",\"@id\":\"https:\/\/somoslajaulaestudio.es\/#organization\",\"name\":\"Somos la Jaula\",\"url\":\"https:\/\/somoslajaulaestudio.es\/\",\"logo\":{\"@type\":\"ImageObject\",\"inLanguage\":\"es\",\"@id\":\"https:\/\/somoslajaulaestudio.es\/#\/schema\/logo\/image\/\",\"url\":\"https:\/\/somoslajaulaestudio.es\/wp-content\/uploads\/2025\/10\/cropped-FAVICON-LA-JAULA.png\",\"contentUrl\":\"https:\/\/somoslajaulaestudio.es\/wp-content\/uploads\/2025\/10\/cropped-FAVICON-LA-JAULA.png\",\"width\":512,\"height\":512,\"caption\":\"Somos la Jaula\"},\"image\":{\"@id\":\"https:\/\/somoslajaulaestudio.es\/#\/schema\/logo\/image\/\"},\"sameAs\":[\"https:\/\/www.instagram.com\/somoslajaula\/\",\"https:\/\/www.youtube.com\/@somoslajaula\"]}]}<\/script>\n<!-- \/ Yoast SEO plugin. -->","yoast_head_json":{"title":"Pol\u00edtica de Privacidad - Somos la Jaula","description":"Pol\u00edtica de Privacidad - Somos la Jaula","robots":{"index":"index","follow":"follow","max-snippet":"max-snippet:-1","max-image-preview":"max-image-preview:large","max-video-preview":"max-video-preview:-1"},"canonical":"https:\/\/somoslajaulaestudio.es\/index.php\/politica-de-privacidad\/","og_locale":"es_ES","og_type":"article","og_title":"Pol\u00edtica de Privacidad - Somos la Jaula","og_description":"Pol\u00edtica de Privacidad - Somos la Jaula","og_url":"https:\/\/somoslajaulaestudio.es\/index.php\/politica-de-privacidad\/","og_site_name":"Somos la Jaula","article_modified_time":"2025-10-31T11:52:16+00:00","schema":{"@context":"https:\/\/schema.org","@graph":[{"@type":"WebPage","@id":"https:\/\/somoslajaulaestudio.es\/index.php\/politica-de-privacidad\/","url":"https:\/\/somoslajaulaestudio.es\/index.php\/politica-de-privacidad\/","name":"Pol\u00edtica de Privacidad - Somos la Jaula","isPartOf":{"@id":"https:\/\/somoslajaulaestudio.es\/#website"},"datePublished":"2025-10-09T17:42:29+00:00","dateModified":"2025-10-31T11:52:16+00:00","description":"Pol\u00edtica de Privacidad - Somos la Jaula","breadcrumb":{"@id":"https:\/\/somoslajaulaestudio.es\/index.php\/politica-de-privacidad\/#breadcrumb"},"inLanguage":"es","potentialAction":[{"@type":"ReadAction","target":["https:\/\/somoslajaulaestudio.es\/index.php\/politica-de-privacidad\/"]}]},{"@type":"BreadcrumbList","@id":"https:\/\/somoslajaulaestudio.es\/index.php\/politica-de-privacidad\/#breadcrumb","itemListElement":[{"@type":"ListItem","position":1,"name":"Portada","item":"https:\/\/somoslajaulaestudio.es\/"},{"@type":"ListItem","position":2,"name":"Pol\u00edtica de Privacidad"}]},{"@type":"WebSite","@id":"https:\/\/somoslajaulaestudio.es\/#website","url":"https:\/\/somoslajaulaestudio.es\/","name":"Somos la Jaula","description":"Somos La Jaula: espacio creativo en Almer\u00eda para grabaciones de podcast, videoclips, m\u00fasica y fotograf\u00eda. Alquila estudios profesionales con equipo t\u00e9cnico incluido.","publisher":{"@id":"https:\/\/somoslajaulaestudio.es\/#organization"},"potentialAction":[{"@type":"SearchAction","target":{"@type":"EntryPoint","urlTemplate":"https:\/\/somoslajaulaestudio.es\/?s={search_term_string}"},"query-input":{"@type":"PropertyValueSpecification","valueRequired":true,"valueName":"search_term_string"}}],"inLanguage":"es"},{"@type":"Organization","@id":"https:\/\/somoslajaulaestudio.es\/#organization","name":"Somos la Jaula","url":"https:\/\/somoslajaulaestudio.es\/","logo":{"@type":"ImageObject","inLanguage":"es","@id":"https:\/\/somoslajaulaestudio.es\/#\/schema\/logo\/image\/","url":"https:\/\/somoslajaulaestudio.es\/wp-content\/uploads\/2025\/10\/cropped-FAVICON-LA-JAULA.png","contentUrl":"https:\/\/somoslajaulaestudio.es\/wp-content\/uploads\/2025\/10\/cropped-FAVICON-LA-JAULA.png","width":512,"height":512,"caption":"Somos la Jaula"},"image":{"@id":"https:\/\/somoslajaulaestudio.es\/#\/schema\/logo\/image\/"},"sameAs":["https:\/\/www.instagram.com\/somoslajaula\/","https:\/\/www.youtube.com\/@somoslajaula"]}]}},"jetpack_sharing_enabled":true,"_links":{"self":[{"href":"https:\/\/somoslajaulaestudio.es\/index.php\/wp-json\/wp\/v2\/pages\/66","targetHints":{"allow":["GET"]}}],"collection":[{"href":"https:\/\/somoslajaulaestudio.es\/index.php\/wp-json\/wp\/v2\/pages"}],"about":[{"href":"https:\/\/somoslajaulaestudio.es\/index.php\/wp-json\/wp\/v2\/types\/page"}],"author":[{"embeddable":true,"href":"https:\/\/somoslajaulaestudio.es\/index.php\/wp-json\/wp\/v2\/users\/1"}],"replies":[{"embeddable":true,"href":"https:\/\/somoslajaulaestudio.es\/index.php\/wp-json\/wp\/v2\/comments?post=66"}],"version-history":[{"count":4,"href":"https:\/\/somoslajaulaestudio.es\/index.php\/wp-json\/wp\/v2\/pages\/66\/revisions"}],"predecessor-version":[{"id":206,"href":"https:\/\/somoslajaulaestudio.es\/index.php\/wp-json\/wp\/v2\/pages\/66\/revisions\/206"}],"wp:attachment":[{"href":"https:\/\/somoslajaulaestudio.es\/index.php\/wp-json\/wp\/v2\/media?parent=66"}],"curies":[{"name":"wp","href":"https:\/\/api.w.org\/{rel}","templated":true}]}}